{"id":1152,"date":"2020-12-14T21:35:43","date_gmt":"2020-12-14T12:35:43","guid":{"rendered":"https:\/\/live-lesson.co.jp\/?page_id=1152"},"modified":"2022-02-27T17:52:34","modified_gmt":"2022-02-27T08:52:34","slug":"aula-de-reforco-escolar","status":"publish","type":"page","link":"https:\/\/live-lesson.co.jp\/en\/aula-de-reforco-escolar\/","title":{"rendered":"Support to foreign students in Japanese schools"},"content":{"rendered":"<div data-elementor-type=\"wp-page\" data-elementor-id=\"1152\" class=\"elementor elementor-1152\">\n\t\t\t\t\t\t<section class=\"elementor-section elementor-top-section elementor-element elementor-element-6ff2ff7 elementor-section-boxed elementor-section-height-default elementor-section-height-default\" data-id=\"6ff2ff7\" data-element_type=\"section\" data-e-type=\"section\" data-settings=\"{&quot;background_background&quot;:&quot;classic&quot;}\">\n\t\t\t\t\t\t\t<div class=\"elementor-background-overlay\"><\/div>\n\t\t\t\t\t\t\t<div class=\"elementor-container elementor-column-gap-no\">\n\t\t\t\t\t<div class=\"elementor-column elementor-col-100 elementor-top-column elementor-element elementor-element-f7ad1cb\" data-id=\"f7ad1cb\" data-element_type=\"column\" data-e-type=\"column\">\n\t\t\t<div class=\"elementor-widget-wrap elementor-element-populated\">\n\t\t\t\t\t\t<div class=\"elementor-element elementor-element-bee4950 elementor-widget elementor-widget-heading\" data-id=\"bee4950\" data-element_type=\"widget\" data-e-type=\"widget\" data-widget_type=\"heading.default\">\n\t\t\t\t<div class=\"elementor-widget-container\">\n\t\t\t\t\t<h2 class=\"elementor-heading-title elementor-size-default\">School Tutoring Classes<\/h2>\t\t\t\t<\/div>\n\t\t\t\t<\/div>\n\t\t\t\t\t<\/div>\n\t\t<\/div>\n\t\t\t\t\t<\/div>\n\t\t<\/section>\n\t\t\t\t<section class=\"elementor-section elementor-top-section elementor-element elementor-element-740b4a2 elementor-section-boxed elementor-section-height-default elementor-section-height-default\" data-id=\"740b4a2\" data-element_type=\"section\" data-e-type=\"section\" data-settings=\"{&quot;background_background&quot;:&quot;slideshow&quot;,&quot;background_slideshow_gallery&quot;:[],&quot;background_slideshow_loop&quot;:&quot;yes&quot;,&quot;background_slideshow_slide_duration&quot;:5000,&quot;background_slideshow_slide_transition&quot;:&quot;fade&quot;,&quot;background_slideshow_transition_duration&quot;:500}\">\n\t\t\t\t\t\t<div class=\"elementor-container elementor-column-gap-default\">\n\t\t\t\t\t<div class=\"elementor-column elementor-col-100 elementor-top-column elementor-element elementor-element-b70e6f3\" data-id=\"b70e6f3\" data-element_type=\"column\" data-e-type=\"column\">\n\t\t\t<div class=\"elementor-widget-wrap elementor-element-populated\">\n\t\t\t\t\t\t<div class=\"elementor-element elementor-element-91b74ea elementor-widget elementor-widget-heading\" data-id=\"91b74ea\" data-element_type=\"widget\" data-e-type=\"widget\" data-widget_type=\"heading.default\">\n\t\t\t\t<div class=\"elementor-widget-container\">\n\t\t\t\t\t<h4 class=\"elementor-heading-title elementor-size-default translation-block\">Online tutoring classes for Brazilian children who study in Japanese schools or live in English-speaking countries. <br><br>Qualified and experienced trilingual teachers, ready to teach and help your children with their school homework, doubts and prepare them for exams.<\/h4>\t\t\t\t<\/div>\n\t\t\t\t<\/div>\n\t\t\t\t\t<\/div>\n\t\t<\/div>\n\t\t\t\t\t<\/div>\n\t\t<\/section>\n\t\t\t\t<section class=\"elementor-section elementor-top-section elementor-element elementor-element-91d9127 elementor-section-boxed elementor-section-height-default elementor-section-height-default\" data-id=\"91d9127\" data-element_type=\"section\" data-e-type=\"section\">\n\t\t\t\t\t\t<div class=\"elementor-container elementor-column-gap-default\">\n\t\t\t\t\t<div class=\"elementor-column elementor-col-100 elementor-top-column elementor-element elementor-element-6ac41e9\" data-id=\"6ac41e9\" data-element_type=\"column\" data-e-type=\"column\">\n\t\t\t<div class=\"elementor-widget-wrap elementor-element-populated\">\n\t\t\t\t\t\t<section class=\"elementor-section elementor-inner-section elementor-element elementor-element-d468010 elementor-section-boxed elementor-section-height-default elementor-section-height-default\" data-id=\"d468010\" data-element_type=\"section\" data-e-type=\"section\" data-settings=\"{&quot;background_background&quot;:&quot;classic&quot;}\">\n\t\t\t\t\t\t\t<div class=\"elementor-background-overlay\"><\/div>\n\t\t\t\t\t\t\t<div class=\"elementor-container elementor-column-gap-default\">\n\t\t\t\t\t<div class=\"elementor-column elementor-col-50 elementor-inner-column elementor-element elementor-element-bdba3dd\" data-id=\"bdba3dd\" data-element_type=\"column\" data-e-type=\"column\" data-settings=\"{&quot;background_background&quot;:&quot;classic&quot;}\">\n\t\t\t<div class=\"elementor-widget-wrap elementor-element-populated\">\n\t\t\t\t\t\t<div class=\"elementor-element elementor-element-db58179 elementor-align-center elementor-mobile-align-left elementor-tablet-align-left elementor-widget elementor-widget-button\" data-id=\"db58179\" data-element_type=\"widget\" data-e-type=\"widget\" data-widget_type=\"button.default\">\n\t\t\t\t<div class=\"elementor-widget-container\">\n\t\t\t\t\t\t\t\t\t<div class=\"elementor-button-wrapper\">\n\t\t\t\t\t<a class=\"elementor-button elementor-button-link elementor-size-sm\" href=\"\/en\/aula-experimental\/\">\n\t\t\t\t\t\t<span class=\"elementor-button-content-wrapper\">\n\t\t\t\t\t\t\t\t\t<span class=\"elementor-button-text\">Take me to Trial Class<\/span>\n\t\t\t\t\t<\/span>\n\t\t\t\t\t<\/a>\n\t\t\t\t<\/div>\n\t\t\t\t\t\t\t\t<\/div>\n\t\t\t\t<\/div>\n\t\t\t\t<div class=\"elementor-element elementor-element-d537cdd elementor-widget elementor-widget-shortcode\" data-id=\"d537cdd\" data-element_type=\"widget\" data-e-type=\"widget\" data-widget_type=\"shortcode.default\">\n\t\t\t\t<div class=\"elementor-widget-container\">\n\t\t\t\t\t\t\t<div class=\"elementor-shortcode\">Que tal fazer uma aula experimental por apenas \u00a5 1,000 ienes\u00a0( aprox. U$ 6 d\u00f3lares).\u00a0<\/div>\n\t\t\t\t\t\t<\/div>\n\t\t\t\t<\/div>\n\t\t\t\t\t<\/div>\n\t\t<\/div>\n\t\t\t\t<div class=\"elementor-column elementor-col-50 elementor-inner-column elementor-element elementor-element-82fb71c\" data-id=\"82fb71c\" data-element_type=\"column\" data-e-type=\"column\">\n\t\t\t<div class=\"elementor-widget-wrap elementor-element-populated\">\n\t\t\t\t\t\t<div class=\"elementor-element elementor-element-20ec46d elementor-widget elementor-widget-heading\" data-id=\"20ec46d\" data-element_type=\"widget\" data-e-type=\"widget\" data-widget_type=\"heading.default\">\n\t\t\t\t<div class=\"elementor-widget-container\">\n\t\t\t\t\t<h6 class=\"elementor-heading-title elementor-size-default\"><a href=\"\/en\/matricula\/\">Get 2 free lessons when you sign up without taking the trial lesson<\/a><\/h6>\t\t\t\t<\/div>\n\t\t\t\t<\/div>\n\t\t\t\t<div class=\"elementor-element elementor-element-b0753bf elementor-align-center elementor-mobile-align-left elementor-tablet-align-left elementor-widget elementor-widget-button\" data-id=\"b0753bf\" data-element_type=\"widget\" data-e-type=\"widget\" data-widget_type=\"button.default\">\n\t\t\t\t<div class=\"elementor-widget-container\">\n\t\t\t\t\t\t\t\t\t<div class=\"elementor-button-wrapper\">\n\t\t\t\t\t<a class=\"elementor-button elementor-button-link elementor-size-sm\" href=\"\/en\/matricula\/\">\n\t\t\t\t\t\t<span class=\"elementor-button-content-wrapper\">\n\t\t\t\t\t\t\t\t\t<span class=\"elementor-button-text\">I want to enroll right away<\/span>\n\t\t\t\t\t<\/span>\n\t\t\t\t\t<\/a>\n\t\t\t\t<\/div>\n\t\t\t\t\t\t\t\t<\/div>\n\t\t\t\t<\/div>\n\t\t\t\t\t<\/div>\n\t\t<\/div>\n\t\t\t\t\t<\/div>\n\t\t<\/section>\n\t\t\t\t\t<\/div>\n\t\t<\/div>\n\t\t\t\t\t<\/div>\n\t\t<\/section>\n\t\t\t\t<section class=\"elementor-section elementor-top-section elementor-element elementor-element-f873186 elementor-section-content-middle elementor-section-boxed elementor-section-height-default elementor-section-height-default\" data-id=\"f873186\" data-element_type=\"section\" data-e-type=\"section\" data-settings=\"{&quot;background_background&quot;:&quot;gradient&quot;}\">\n\t\t\t\t\t\t<div class=\"elementor-container elementor-column-gap-no\">\n\t\t\t\t\t<div class=\"elementor-column elementor-col-100 elementor-top-column elementor-element elementor-element-1e8e919\" data-id=\"1e8e919\" data-element_type=\"column\" data-e-type=\"column\">\n\t\t\t<div class=\"elementor-widget-wrap elementor-element-populated\">\n\t\t\t\t\t\t<div class=\"elementor-element elementor-element-da54622 elementor-widget-divider--separator-type-pattern elementor-widget-divider--view-line elementor-widget elementor-widget-divider\" data-id=\"da54622\" data-element_type=\"widget\" data-e-type=\"widget\" data-widget_type=\"divider.default\">\n\t\t\t\t<div class=\"elementor-widget-container\">\n\t\t\t\t\t\t\t<div class=\"elementor-divider\" style=\"--divider-pattern-url: url(&quot;data:image\/svg+xml,%3Csvg xmlns=&#039;http:\/\/www.w3.org\/2000\/svg&#039; preserveAspectRatio=&#039;none&#039; overflow=&#039;visible&#039; height=&#039;100%&#039; viewBox=&#039;0 0 24 24&#039; fill=&#039;black&#039; stroke=&#039;none&#039;%3E%3Cpolygon points=&#039;9.4,2 24,2 14.6,21.6 0,21.6&#039;\/%3E%3C\/svg%3E&quot;);\">\n\t\t\t<span class=\"elementor-divider-separator\">\n\t\t\t\t\t\t<\/span>\n\t\t<\/div>\n\t\t\t\t\t\t<\/div>\n\t\t\t\t<\/div>\n\t\t\t\t<div class=\"elementor-element elementor-element-cf39eb3 elementor-widget elementor-widget-text-editor\" data-id=\"cf39eb3\" data-element_type=\"widget\" data-e-type=\"widget\" data-widget_type=\"text-editor.default\">\n\t\t\t\t<div class=\"elementor-widget-container\">\n\t\t\t\t\t\t\t\t\t<p><span style=\"font-size: 1.66667rem; font-style: normal; font-weight: 600; white-space: pre-wrap; background-color: transparent;\">School Tutoring Classes<\/span>\u00a0over the Internet<\/p><div><h3>Try it and see the difference<\/h3><h4><span style=\"text-decoration: underline;\"><strong>Overview<\/strong><\/span><\/h4><ul><li style=\"font-size: 15px;\">Are your kids having a hard time with school homework and you can't help them out?<\/li><li style=\"font-size: 15px;\"><span style=\"font-size: 15px; background-color: transparent;\">Thousands of foreign children and teenagers, studying in Japanese schools, have problems mainly because they don't master the language of the country where they live. Perhaps the explanation given by the teacher has not been properly understood by the student due to language issues.\u00a0<\/span><\/li><li style=\"font-size: 15px;\"><p>In Japan there are a large number of non-Japanese children, who have recently moved to Japan and have enrolled in Japanese schools without knowing enough Japanese in order to follow the classes. Many parents think it is only a matter of time for their children to learn Japanese because they think they will have Nihongo (Japanese lessons) all day long. However, that's the problem: Japanese schools do not have \"Nihongo\" (Japanese Language) as school subject.<\/p><p>There is a subject called \"Kokugo\", instead, which means \"National Language\".\u00a0\u00a0<\/p><p>That means they are two completely different things.\u00a0<\/p><\/li><li style=\"font-size: 15px;\">Nihongo is aimed at teaching Japanese to foreigners (non-native speakers). In this case the methodology used compares languages. It is taught how to make sentences, join phrases, learn new words and grammatical structures.<\/li><li style=\"font-size: 15px;\"><span style=\"font-size: 15px; background-color: transparent;\">On the other hand, Kokugo is aimed at natives who already know how to speak, form sentences, express themselves, etc. So what is Kokugo's focus? Reading and interpretation. From an early age, Japanese people learn to read and understand (interpret) what they are reading. For that they have to learn, besides writing (Hiragana, Katakana, Romaji and Kanji), how to read and understand correctly.<\/span><\/li><\/ul><p style=\"font-variant-numeric: inherit; font-variant-east-asian: inherit; font-stretch: inherit; line-height: 24px; font-family: Lato, sans-serif; font-size: 16px; font-style: normal; font-weight: 400; margin-bottom: 15px; color: #666666;\">Take an online trial lesson with your children to learn how it works and how we can help them.<\/p><p style=\"font-variant-numeric: inherit; font-variant-east-asian: inherit; font-stretch: inherit; line-height: 24px; font-family: Lato, sans-serif; font-size: 16px; font-style: normal; font-weight: 400; margin-bottom: 15px; color: #666666;\">\u00a0<span style=\"font-size: 16px; font-style: normal; font-weight: 400; background-color: transparent;\">\u00a0<\/span><span style=\"color: #000000; font-family: Poppins, sans-serif; font-size: 15px; font-style: normal; font-weight: bold; white-space: pre-wrap; background-color: transparent;\">Pre-requirements: <\/span><\/p><p style=\"font-variant-numeric: inherit; font-variant-east-asian: inherit; font-stretch: inherit; line-height: 24px; font-family: Lato, sans-serif; font-size: 16px; font-style: normal; font-weight: 400; margin-bottom: 15px; color: #666666;\"><span style=\"color: #000000; font-family: Poppins, sans-serif; font-size: 15px; font-style: normal; white-space: pre-wrap; background-color: transparent;\">Speak and understand Portuguese and study in Japanese schools, Brazilian schools abroad (outside Brazil) or in schools in English-speaking countries.<\/span><\/p><p style=\"font-variant-numeric: inherit; font-variant-east-asian: inherit; font-stretch: inherit; line-height: 24px; font-family: Lato, sans-serif; font-size: 16px; font-style: normal; font-weight: 400; margin-bottom: 15px; color: #666666;\">\u00a0<\/p><\/div>\t\t\t\t\t\t\t\t<\/div>\n\t\t\t\t<\/div>\n\t\t\t\t<div class=\"elementor-element elementor-element-622e286 elementor-widget elementor-widget-heading\" data-id=\"622e286\" data-element_type=\"widget\" data-e-type=\"widget\" data-widget_type=\"heading.default\">\n\t\t\t\t<div class=\"elementor-widget-container\">\n\t\t\t\t\t<h6 class=\"elementor-heading-title elementor-size-default\"><p><strong>Minimum requirements:<\/strong><\/p><p>- Internet connection fast enough to watch a movie online without freezing.<\/p><p>- Computer with microphone (webcam recommended), Tablet or Smartphone (with large screen)<\/p><p>- Headset or earphones (recommended)<\/p><\/h6>\t\t\t\t<\/div>\n\t\t\t\t<\/div>\n\t\t\t\t\t<\/div>\n\t\t<\/div>\n\t\t\t\t\t<\/div>\n\t\t<\/section>\n\t\t\t\t<section class=\"elementor-section elementor-top-section elementor-element elementor-element-d01f0a4 elementor-section-boxed elementor-section-height-default elementor-section-height-default\" data-id=\"d01f0a4\" data-element_type=\"section\" data-e-type=\"section\">\n\t\t\t\t\t\t<div class=\"elementor-container elementor-column-gap-default\">\n\t\t\t\t\t<div class=\"elementor-column elementor-col-100 elementor-top-column elementor-element elementor-element-195e9ca\" data-id=\"195e9ca\" data-element_type=\"column\" data-e-type=\"column\">\n\t\t\t<div class=\"elementor-widget-wrap elementor-element-populated\">\n\t\t\t\t\t\t<section class=\"elementor-section elementor-inner-section elementor-element elementor-element-e02d9c8 elementor-section-boxed elementor-section-height-default elementor-section-height-default\" data-id=\"e02d9c8\" data-element_type=\"section\" data-e-type=\"section\" data-settings=\"{&quot;background_background&quot;:&quot;classic&quot;}\">\n\t\t\t\t\t\t\t<div class=\"elementor-background-overlay\"><\/div>\n\t\t\t\t\t\t\t<div class=\"elementor-container elementor-column-gap-default\">\n\t\t\t\t\t<div class=\"elementor-column elementor-col-50 elementor-inner-column elementor-element elementor-element-c94fd09\" data-id=\"c94fd09\" data-element_type=\"column\" data-e-type=\"column\" data-settings=\"{&quot;background_background&quot;:&quot;classic&quot;}\">\n\t\t\t<div class=\"elementor-widget-wrap elementor-element-populated\">\n\t\t\t\t\t\t<div class=\"elementor-element elementor-element-acfe9d0 elementor-align-center elementor-mobile-align-left elementor-tablet-align-left elementor-widget elementor-widget-button\" data-id=\"acfe9d0\" data-element_type=\"widget\" data-e-type=\"widget\" data-widget_type=\"button.default\">\n\t\t\t\t<div class=\"elementor-widget-container\">\n\t\t\t\t\t\t\t\t\t<div class=\"elementor-button-wrapper\">\n\t\t\t\t\t<a class=\"elementor-button elementor-button-link elementor-size-sm\" href=\"\/en\/aula-experimental\/\">\n\t\t\t\t\t\t<span class=\"elementor-button-content-wrapper\">\n\t\t\t\t\t\t\t\t\t<span class=\"elementor-button-text\">Take me to Trial Class<\/span>\n\t\t\t\t\t<\/span>\n\t\t\t\t\t<\/a>\n\t\t\t\t<\/div>\n\t\t\t\t\t\t\t\t<\/div>\n\t\t\t\t<\/div>\n\t\t\t\t<div class=\"elementor-element elementor-element-2a754e9 elementor-widget elementor-widget-shortcode\" data-id=\"2a754e9\" data-element_type=\"widget\" data-e-type=\"widget\" data-widget_type=\"shortcode.default\">\n\t\t\t\t<div class=\"elementor-widget-container\">\n\t\t\t\t\t\t\t<div class=\"elementor-shortcode\">Que tal fazer uma aula experimental por apenas \u00a5 1,000 ienes\u00a0( aprox. U$ 6 d\u00f3lares).\u00a0<\/div>\n\t\t\t\t\t\t<\/div>\n\t\t\t\t<\/div>\n\t\t\t\t\t<\/div>\n\t\t<\/div>\n\t\t\t\t<div class=\"elementor-column elementor-col-50 elementor-inner-column elementor-element elementor-element-4e12fb9\" data-id=\"4e12fb9\" data-element_type=\"column\" data-e-type=\"column\">\n\t\t\t<div class=\"elementor-widget-wrap elementor-element-populated\">\n\t\t\t\t\t\t<div class=\"elementor-element elementor-element-cf23095 elementor-widget elementor-widget-heading\" data-id=\"cf23095\" data-element_type=\"widget\" data-e-type=\"widget\" data-widget_type=\"heading.default\">\n\t\t\t\t<div class=\"elementor-widget-container\">\n\t\t\t\t\t<h6 class=\"elementor-heading-title elementor-size-default\"><a href=\"\/en\/matricula\/\">Get 2 free lessons when you sign up without taking the trial lesson<\/a><\/h6>\t\t\t\t<\/div>\n\t\t\t\t<\/div>\n\t\t\t\t<div class=\"elementor-element elementor-element-2e1aad5 elementor-align-center elementor-mobile-align-left elementor-tablet-align-left elementor-widget elementor-widget-button\" data-id=\"2e1aad5\" data-element_type=\"widget\" data-e-type=\"widget\" data-widget_type=\"button.default\">\n\t\t\t\t<div class=\"elementor-widget-container\">\n\t\t\t\t\t\t\t\t\t<div class=\"elementor-button-wrapper\">\n\t\t\t\t\t<a class=\"elementor-button elementor-button-link elementor-size-sm\" href=\"\/en\/matricula\/\">\n\t\t\t\t\t\t<span class=\"elementor-button-content-wrapper\">\n\t\t\t\t\t\t\t\t\t<span class=\"elementor-button-text\">I want to enroll right away<\/span>\n\t\t\t\t\t<\/span>\n\t\t\t\t\t<\/a>\n\t\t\t\t<\/div>\n\t\t\t\t\t\t\t\t<\/div>\n\t\t\t\t<\/div>\n\t\t\t\t\t<\/div>\n\t\t<\/div>\n\t\t\t\t\t<\/div>\n\t\t<\/section>\n\t\t\t\t\t<\/div>\n\t\t<\/div>\n\t\t\t\t\t<\/div>\n\t\t<\/section>\n\t\t\t\t<\/div>","protected":false},"excerpt":{"rendered":"<p>Aulas Online de Refor\u00e7o Escolar Aulas Online de Refor\u00e7o Escolar para Brasileirinhos que estudam em escolas japonesas ou em pa\u00edses de l\u00edngua inglesa. Professores tril\u00edngues capacitados e experientes, prontos para ensinar e ajudar seus filhos em suas tarefas escolares, d\u00favidas e prepar\u00e1-los para provas. Experimentar Que tal fazer uma aula experimental por apenas \u00a5 1,000 &hellip;<\/p>\n<p class=\"read-more\"> <a class=\"\" href=\"https:\/\/live-lesson.co.jp\/en\/aula-de-reforco-escolar\/\"> <span class=\"screen-reader-text\">Support to foreign students in Japanese schools<\/span> Read More &raquo;<\/a><\/p>","protected":false},"author":1,"featured_media":0,"parent":0,"menu_order":0,"comment_status":"closed","ping_status":"closed","template":"","meta":{"site-sidebar-layout":"no-sidebar","site-content-layout":"page-builder","ast-global-header-display":"","ast-main-header-display":"","ast-hfb-above-header-display":"","ast-hfb-below-header-display":"","ast-hfb-mobile-header-display":"","site-post-title":"disabled","ast-breadcrumbs-content":"disabled","ast-featured-img":"disabled","footer-sml-layout":"","theme-transparent-header-meta":"enabled","adv-header-id-meta":"","stick-header-meta":"","header-above-stick-meta":"","header-main-stick-meta":"","header-below-stick-meta":"","footnotes":""},"class_list":["post-1152","page","type-page","status-publish","hentry"],"_links":{"self":[{"href":"https:\/\/live-lesson.co.jp\/en\/wp-json\/wp\/v2\/pages\/1152","targetHints":{"allow":["GET"]}}],"collection":[{"href":"https:\/\/live-lesson.co.jp\/en\/wp-json\/wp\/v2\/pages"}],"about":[{"href":"https:\/\/live-lesson.co.jp\/en\/wp-json\/wp\/v2\/types\/page"}],"author":[{"embeddable":true,"href":"https:\/\/live-lesson.co.jp\/en\/wp-json\/wp\/v2\/users\/1"}],"replies":[{"embeddable":true,"href":"https:\/\/live-lesson.co.jp\/en\/wp-json\/wp\/v2\/comments?post=1152"}],"version-history":[{"count":44,"href":"https:\/\/live-lesson.co.jp\/en\/wp-json\/wp\/v2\/pages\/1152\/revisions"}],"predecessor-version":[{"id":1968,"href":"https:\/\/live-lesson.co.jp\/en\/wp-json\/wp\/v2\/pages\/1152\/revisions\/1968"}],"wp:attachment":[{"href":"https:\/\/live-lesson.co.jp\/en\/wp-json\/wp\/v2\/media?parent=1152"}],"curies":[{"name":"wp","href":"https:\/\/api.w.org\/{rel}","templated":true}]}}