{"id":1089,"date":"2020-12-14T19:36:40","date_gmt":"2020-12-14T10:36:40","guid":{"rendered":"https:\/\/live-lesson.co.jp\/?page_id=1089"},"modified":"2022-02-27T18:57:20","modified_gmt":"2022-02-27T09:57:20","slug":"curso-professor-ingles","status":"publish","type":"page","link":"https:\/\/live-lesson.co.jp\/es\/curso-professor-ingles\/","title":{"rendered":"Curso de formaci\u00f3n de profesores de ingl\u00e9s"},"content":{"rendered":"<div data-elementor-type=\"wp-page\" data-elementor-id=\"1089\" class=\"elementor elementor-1089\">\n\t\t\t\t\t\t<section class=\"elementor-section elementor-top-section elementor-element elementor-element-6ff2ff7 elementor-section-boxed elementor-section-height-default elementor-section-height-default\" data-id=\"6ff2ff7\" data-element_type=\"section\" data-e-type=\"section\" data-settings=\"{&quot;background_background&quot;:&quot;classic&quot;}\">\n\t\t\t\t\t\t\t<div class=\"elementor-background-overlay\"><\/div>\n\t\t\t\t\t\t\t<div class=\"elementor-container elementor-column-gap-no\">\n\t\t\t\t\t<div class=\"elementor-column elementor-col-100 elementor-top-column elementor-element elementor-element-f7ad1cb\" data-id=\"f7ad1cb\" data-element_type=\"column\" data-e-type=\"column\">\n\t\t\t<div class=\"elementor-widget-wrap elementor-element-populated\">\n\t\t\t\t\t\t<div class=\"elementor-element elementor-element-bee4950 elementor-widget elementor-widget-heading\" data-id=\"bee4950\" data-element_type=\"widget\" data-e-type=\"widget\" data-widget_type=\"heading.default\">\n\t\t\t\t<div class=\"elementor-widget-container\">\n\t\t\t\t\t<h3 class=\"elementor-heading-title elementor-size-default\">Curso de formaci\u00f3n de profesores de ingl\u00e9s<\/h3>\t\t\t\t<\/div>\n\t\t\t\t<\/div>\n\t\t\t\t\t<\/div>\n\t\t<\/div>\n\t\t\t\t\t<\/div>\n\t\t<\/section>\n\t\t\t\t<section class=\"elementor-section elementor-top-section elementor-element elementor-element-740b4a2 elementor-section-boxed elementor-section-height-default elementor-section-height-default\" data-id=\"740b4a2\" data-element_type=\"section\" data-e-type=\"section\" data-settings=\"{&quot;background_background&quot;:&quot;slideshow&quot;,&quot;background_slideshow_gallery&quot;:[],&quot;background_slideshow_loop&quot;:&quot;yes&quot;,&quot;background_slideshow_slide_duration&quot;:5000,&quot;background_slideshow_slide_transition&quot;:&quot;fade&quot;,&quot;background_slideshow_transition_duration&quot;:500}\">\n\t\t\t\t\t\t<div class=\"elementor-container elementor-column-gap-default\">\n\t\t\t\t\t<div class=\"elementor-column elementor-col-100 elementor-top-column elementor-element elementor-element-b70e6f3\" data-id=\"b70e6f3\" data-element_type=\"column\" data-e-type=\"column\">\n\t\t\t<div class=\"elementor-widget-wrap elementor-element-populated\">\n\t\t\t\t\t\t<div class=\"elementor-element elementor-element-91b74ea elementor-widget elementor-widget-heading\" data-id=\"91b74ea\" data-element_type=\"widget\" data-e-type=\"widget\" data-widget_type=\"heading.default\">\n\t\t\t\t<div class=\"elementor-widget-container\">\n\t\t\t\t\t<h4 class=\"elementor-heading-title elementor-size-default\">Curso Online de Forma\u00e7\u00e3o de Professor de Ingl\u00eas<br><br><\/h4>\t\t\t\t<\/div>\n\t\t\t\t<\/div>\n\t\t\t\t\t<\/div>\n\t\t<\/div>\n\t\t\t\t\t<\/div>\n\t\t<\/section>\n\t\t\t\t<section class=\"elementor-section elementor-top-section elementor-element elementor-element-c32b289 elementor-section-boxed elementor-section-height-default elementor-section-height-default\" data-id=\"c32b289\" data-element_type=\"section\" data-e-type=\"section\">\n\t\t\t\t\t\t<div class=\"elementor-container elementor-column-gap-default\">\n\t\t\t\t\t<div class=\"elementor-column elementor-col-100 elementor-top-column elementor-element elementor-element-f4a810e\" data-id=\"f4a810e\" data-element_type=\"column\" data-e-type=\"column\">\n\t\t\t<div class=\"elementor-widget-wrap elementor-element-populated\">\n\t\t\t\t\t\t<section class=\"elementor-section elementor-inner-section elementor-element elementor-element-047248b elementor-section-boxed elementor-section-height-default elementor-section-height-default\" data-id=\"047248b\" data-element_type=\"section\" data-e-type=\"section\" data-settings=\"{&quot;background_background&quot;:&quot;classic&quot;}\">\n\t\t\t\t\t\t\t<div class=\"elementor-background-overlay\"><\/div>\n\t\t\t\t\t\t\t<div class=\"elementor-container elementor-column-gap-default\">\n\t\t\t\t\t<div class=\"elementor-column elementor-col-50 elementor-inner-column elementor-element elementor-element-b318cc3\" data-id=\"b318cc3\" data-element_type=\"column\" data-e-type=\"column\" data-settings=\"{&quot;background_background&quot;:&quot;classic&quot;}\">\n\t\t\t<div class=\"elementor-widget-wrap elementor-element-populated\">\n\t\t\t\t\t\t<div class=\"elementor-element elementor-element-6bd267b elementor-align-center elementor-mobile-align-left elementor-tablet-align-left elementor-widget elementor-widget-button\" data-id=\"6bd267b\" data-element_type=\"widget\" data-e-type=\"widget\" data-widget_type=\"button.default\">\n\t\t\t\t<div class=\"elementor-widget-container\">\n\t\t\t\t\t\t\t\t\t<div class=\"elementor-button-wrapper\">\n\t\t\t\t\t<a class=\"elementor-button elementor-button-link elementor-size-sm\" href=\"\/es\/aula-experimental\/\">\n\t\t\t\t\t\t<span class=\"elementor-button-content-wrapper\">\n\t\t\t\t\t\t\t\t\t<span class=\"elementor-button-text\">Experimento<\/span>\n\t\t\t\t\t<\/span>\n\t\t\t\t\t<\/a>\n\t\t\t\t<\/div>\n\t\t\t\t\t\t\t\t<\/div>\n\t\t\t\t<\/div>\n\t\t\t\t<div class=\"elementor-element elementor-element-cad4822 elementor-widget elementor-widget-shortcode\" data-id=\"cad4822\" data-element_type=\"widget\" data-e-type=\"widget\" data-widget_type=\"shortcode.default\">\n\t\t\t\t<div class=\"elementor-widget-container\">\n\t\t\t\t\t\t\t<div class=\"elementor-shortcode\">Que tal fazer uma aula experimental por apenas \u00a5 1,000 ienes\u00a0( aprox. U$ 6 d\u00f3lares).\u00a0<\/div>\n\t\t\t\t\t\t<\/div>\n\t\t\t\t<\/div>\n\t\t\t\t\t<\/div>\n\t\t<\/div>\n\t\t\t\t<div class=\"elementor-column elementor-col-50 elementor-inner-column elementor-element elementor-element-3972533\" data-id=\"3972533\" data-element_type=\"column\" data-e-type=\"column\">\n\t\t\t<div class=\"elementor-widget-wrap elementor-element-populated\">\n\t\t\t\t\t\t<div class=\"elementor-element elementor-element-7e26b31 elementor-widget elementor-widget-heading\" data-id=\"7e26b31\" data-element_type=\"widget\" data-e-type=\"widget\" data-widget_type=\"heading.default\">\n\t\t\t\t<div class=\"elementor-widget-container\">\n\t\t\t\t\t<h6 class=\"elementor-heading-title elementor-size-default\"><a href=\"\/es\/matricula\/\">Consigue 2 clases gratis al matricularte sin probarlo<\/a><\/h6>\t\t\t\t<\/div>\n\t\t\t\t<\/div>\n\t\t\t\t<div class=\"elementor-element elementor-element-9e9c0fb elementor-align-center elementor-mobile-align-left elementor-tablet-align-left elementor-widget elementor-widget-button\" data-id=\"9e9c0fb\" data-element_type=\"widget\" data-e-type=\"widget\" data-widget_type=\"button.default\">\n\t\t\t\t<div class=\"elementor-widget-container\">\n\t\t\t\t\t\t\t\t\t<div class=\"elementor-button-wrapper\">\n\t\t\t\t\t<a class=\"elementor-button elementor-button-link elementor-size-sm\" href=\"\/es\/matricula\/\">\n\t\t\t\t\t\t<span class=\"elementor-button-content-wrapper\">\n\t\t\t\t\t\t\t\t\t<span class=\"elementor-button-text\">Quiero matricularme<\/span>\n\t\t\t\t\t<\/span>\n\t\t\t\t\t<\/a>\n\t\t\t\t<\/div>\n\t\t\t\t\t\t\t\t<\/div>\n\t\t\t\t<\/div>\n\t\t\t\t\t<\/div>\n\t\t<\/div>\n\t\t\t\t\t<\/div>\n\t\t<\/section>\n\t\t\t\t\t<\/div>\n\t\t<\/div>\n\t\t\t\t\t<\/div>\n\t\t<\/section>\n\t\t\t\t<section class=\"elementor-section elementor-top-section elementor-element elementor-element-f873186 elementor-section-content-middle elementor-section-boxed elementor-section-height-default elementor-section-height-default\" data-id=\"f873186\" data-element_type=\"section\" data-e-type=\"section\" data-settings=\"{&quot;background_background&quot;:&quot;gradient&quot;}\">\n\t\t\t\t\t\t<div class=\"elementor-container elementor-column-gap-no\">\n\t\t\t\t\t<div class=\"elementor-column elementor-col-100 elementor-top-column elementor-element elementor-element-1e8e919\" data-id=\"1e8e919\" data-element_type=\"column\" data-e-type=\"column\">\n\t\t\t<div class=\"elementor-widget-wrap elementor-element-populated\">\n\t\t\t\t\t\t<div class=\"elementor-element elementor-element-ab8b0d8 elementor-widget elementor-widget-spacer\" data-id=\"ab8b0d8\" data-element_type=\"widget\" data-e-type=\"widget\" data-widget_type=\"spacer.default\">\n\t\t\t\t<div class=\"elementor-widget-container\">\n\t\t\t\t\t\t\t<div class=\"elementor-spacer\">\n\t\t\t<div class=\"elementor-spacer-inner\"><\/div>\n\t\t<\/div>\n\t\t\t\t\t\t<\/div>\n\t\t\t\t<\/div>\n\t\t\t\t<div class=\"elementor-element elementor-element-da54622 elementor-widget-divider--separator-type-pattern elementor-widget-divider--view-line elementor-widget elementor-widget-divider\" data-id=\"da54622\" data-element_type=\"widget\" data-e-type=\"widget\" data-widget_type=\"divider.default\">\n\t\t\t\t<div class=\"elementor-widget-container\">\n\t\t\t\t\t\t\t<div class=\"elementor-divider\" style=\"--divider-pattern-url: url(&quot;data:image\/svg+xml,%3Csvg xmlns=&#039;http:\/\/www.w3.org\/2000\/svg&#039; preserveAspectRatio=&#039;none&#039; overflow=&#039;visible&#039; height=&#039;100%&#039; viewBox=&#039;0 0 24 24&#039; fill=&#039;black&#039; stroke=&#039;none&#039;%3E%3Cpolygon points=&#039;9.4,2 24,2 14.6,21.6 0,21.6&#039;\/%3E%3C\/svg%3E&quot;);\">\n\t\t\t<span class=\"elementor-divider-separator\">\n\t\t\t\t\t\t<\/span>\n\t\t<\/div>\n\t\t\t\t\t\t<\/div>\n\t\t\t\t<\/div>\n\t\t\t\t<div class=\"elementor-element elementor-element-622e286 elementor-widget elementor-widget-heading\" data-id=\"622e286\" data-element_type=\"widget\" data-e-type=\"widget\" data-widget_type=\"heading.default\">\n\t\t\t\t<div class=\"elementor-widget-container\">\n\t\t\t\t\t<h5 class=\"elementor-heading-title elementor-size-default\">Se voc\u00ea j\u00e1 \u00e9 fluente em Ingl\u00eas mas n\u00e3o tem experi\u00eancia em ensinar, que tal usar suas habilidades se tornando um(a) professor(a)?<\/h5>\t\t\t\t<\/div>\n\t\t\t\t<\/div>\n\t\t\t\t<div class=\"elementor-element elementor-element-cf39eb3 elementor-widget elementor-widget-text-editor\" data-id=\"cf39eb3\" data-element_type=\"widget\" data-e-type=\"widget\" data-widget_type=\"text-editor.default\">\n\t\t\t\t<div class=\"elementor-widget-container\">\n\t\t\t\t\t\t\t\t\t<h6>Nuestros alumnos tambi\u00e9n pueden convertirse en profesores de Live Lessons, en funci\u00f3n de su rendimiento en el curso y de la disponibilidad de vacantes en ese momento.<\/h6>\n<div><\/div>\n<div>\n<h4>Pru\u00e9belo y ver\u00e1 la diferencia<\/h4>\n<ul>\n \t<li>Clases en directo con profesores altamente cualificados (brasile\u00f1os y japoneses);<\/li>\n \t<li>Ense\u00f1anza personalizada seg\u00fan las necesidades de cada alumno;<\/li>\n \t<li>Metodolog\u00eda eficaz con resultados en poco tiempo;<\/li>\n \t<li>Clases individuales: no tengas miedo de cometer errores o hacer preguntas;<\/li>\n \t<li>T\u00fa eliges la hora de tus clases. Todo muy f\u00e1cil, con solo unos clics;<\/li>\n \t<li>Clases por la ma\u00f1ana, por la tarde y por la noche (festivos incluidos);<\/li>\n \t<li>El alumno elige el d\u00eda y la hora de las clases;<\/li>\n \t<li>Profesor altamente cualificado.<\/li>\n<\/ul>\nPor eso se considera un curso presencial.\n\n&nbsp;\n\n\n<h4><span style=\"text-decoration: underline;\"><strong>Visi\u00f3n general<\/strong><\/span><\/h4>\n\nEsse curso \u00e9 voltado exclusivamente para ensinar a metodologia de ensino de Ingl\u00eas como l\u00edngua estrangeira. N\u00e3o \u00e9 voltado para ensinar nativos da l\u00edngua inglesa, pois s\u00e3o formas diferentes.\n\n<span style=\"font-size: 15px; background-color: transparent;\">En este curso, los alumnos aprender\u00e1n t\u00e9cnicas,\u00a0<\/span><span style=\"font-size: 15px; font-style: normal; font-weight: 400; background-color: transparent;\">did\u00e1ctica y metodolog\u00eda<\/span><span style=\"font-size: 15px; background-color: transparent;\">\u00a0de ensino do idioma Ingl\u00eas para n\u00e3o nativos, al\u00e9m de como ensinar via Internet usando ferramentas on line.\u00a0<\/span>\n\nSe trata de clases totalmente pr\u00e1cticas, en las que el alumno aprende a ense\u00f1ar en una clase y act\u00faa como \"profesor\" en otras. Es decir, en una clase es el alumno y en otra el profesor.\n\nDe esta forma, adem\u00e1s de aprender las t\u00e9cnicas, adquieren la experiencia necesaria para enfrentarse a un aula, conocen diferentes metodolog\u00edas de ense\u00f1anza y diferentes tipos de alumnos y de aprendizaje.\n\n<strong style=\"font-size: 15px; background-color: transparent;\">Requisitos m\u00ednimos: <\/strong><span style=\"font-size: 15px; background-color: transparent;\">N\u00edvel avan\u00e7ado e flu\u00eancia na l\u00edngua inglesa.<\/span>\n\n<strong>Duraci\u00f3n del curso =&gt;<\/strong> Var\u00eda en funci\u00f3n del n\u00famero de clases que el alumno toma al mes y de su rendimiento en ellas, ya que las clases son personalizadas y van al ritmo del alumno.\n\nNota: Puede durar menos tiempo en funci\u00f3n del rendimiento del alumno y del n\u00famero de lecciones.\n\nDuraci\u00f3n de cada lecci\u00f3n = 55 min\n\n<\/div>\t\t\t\t\t\t\t\t<\/div>\n\t\t\t\t<\/div>\n\t\t\t\t\t<\/div>\n\t\t<\/div>\n\t\t\t\t\t<\/div>\n\t\t<\/section>\n\t\t\t\t<section class=\"elementor-section elementor-top-section elementor-element elementor-element-0f4075c elementor-section-boxed elementor-section-height-default elementor-section-height-default\" data-id=\"0f4075c\" data-element_type=\"section\" data-e-type=\"section\">\n\t\t\t\t\t\t<div class=\"elementor-container elementor-column-gap-default\">\n\t\t\t\t\t<div class=\"elementor-column elementor-col-100 elementor-top-column elementor-element elementor-element-687d5d9\" data-id=\"687d5d9\" data-element_type=\"column\" data-e-type=\"column\">\n\t\t\t<div class=\"elementor-widget-wrap elementor-element-populated\">\n\t\t\t\t\t\t<section class=\"elementor-section elementor-inner-section elementor-element elementor-element-691bb49 elementor-section-boxed elementor-section-height-default elementor-section-height-default\" data-id=\"691bb49\" data-element_type=\"section\" data-e-type=\"section\" data-settings=\"{&quot;background_background&quot;:&quot;classic&quot;}\">\n\t\t\t\t\t\t\t<div class=\"elementor-background-overlay\"><\/div>\n\t\t\t\t\t\t\t<div class=\"elementor-container elementor-column-gap-default\">\n\t\t\t\t\t<div class=\"elementor-column elementor-col-50 elementor-inner-column elementor-element elementor-element-eedab59\" data-id=\"eedab59\" data-element_type=\"column\" data-e-type=\"column\" data-settings=\"{&quot;background_background&quot;:&quot;classic&quot;}\">\n\t\t\t<div class=\"elementor-widget-wrap elementor-element-populated\">\n\t\t\t\t\t\t<div class=\"elementor-element elementor-element-20d2894 elementor-align-center elementor-mobile-align-left elementor-tablet-align-left elementor-widget elementor-widget-button\" data-id=\"20d2894\" data-element_type=\"widget\" data-e-type=\"widget\" data-widget_type=\"button.default\">\n\t\t\t\t<div class=\"elementor-widget-container\">\n\t\t\t\t\t\t\t\t\t<div class=\"elementor-button-wrapper\">\n\t\t\t\t\t<a class=\"elementor-button elementor-button-link elementor-size-sm\" href=\"\/es\/aula-experimental\/\">\n\t\t\t\t\t\t<span class=\"elementor-button-content-wrapper\">\n\t\t\t\t\t\t\t\t\t<span class=\"elementor-button-text\">Experimento<\/span>\n\t\t\t\t\t<\/span>\n\t\t\t\t\t<\/a>\n\t\t\t\t<\/div>\n\t\t\t\t\t\t\t\t<\/div>\n\t\t\t\t<\/div>\n\t\t\t\t<div class=\"elementor-element elementor-element-2dc431c elementor-widget elementor-widget-shortcode\" data-id=\"2dc431c\" data-element_type=\"widget\" data-e-type=\"widget\" data-widget_type=\"shortcode.default\">\n\t\t\t\t<div class=\"elementor-widget-container\">\n\t\t\t\t\t\t\t<div class=\"elementor-shortcode\">Que tal fazer uma aula experimental por apenas \u00a5 1,000 ienes\u00a0( aprox. U$ 6 d\u00f3lares).\u00a0<\/div>\n\t\t\t\t\t\t<\/div>\n\t\t\t\t<\/div>\n\t\t\t\t\t<\/div>\n\t\t<\/div>\n\t\t\t\t<div class=\"elementor-column elementor-col-50 elementor-inner-column elementor-element elementor-element-e6885bd\" data-id=\"e6885bd\" data-element_type=\"column\" data-e-type=\"column\">\n\t\t\t<div class=\"elementor-widget-wrap elementor-element-populated\">\n\t\t\t\t\t\t<div class=\"elementor-element elementor-element-b3c968f elementor-widget elementor-widget-heading\" data-id=\"b3c968f\" data-element_type=\"widget\" data-e-type=\"widget\" data-widget_type=\"heading.default\">\n\t\t\t\t<div class=\"elementor-widget-container\">\n\t\t\t\t\t<h6 class=\"elementor-heading-title elementor-size-default\"><a href=\"\/es\/matricula\/\">Consigue 2 clases gratis al matricularte sin probarlo<\/a><\/h6>\t\t\t\t<\/div>\n\t\t\t\t<\/div>\n\t\t\t\t<div class=\"elementor-element elementor-element-16175c8 elementor-align-center elementor-mobile-align-left elementor-tablet-align-left elementor-widget elementor-widget-button\" data-id=\"16175c8\" data-element_type=\"widget\" data-e-type=\"widget\" data-widget_type=\"button.default\">\n\t\t\t\t<div class=\"elementor-widget-container\">\n\t\t\t\t\t\t\t\t\t<div class=\"elementor-button-wrapper\">\n\t\t\t\t\t<a class=\"elementor-button elementor-button-link elementor-size-sm\" href=\"\/es\/matricula\/\">\n\t\t\t\t\t\t<span class=\"elementor-button-content-wrapper\">\n\t\t\t\t\t\t\t\t\t<span class=\"elementor-button-text\">Quiero matricularme<\/span>\n\t\t\t\t\t<\/span>\n\t\t\t\t\t<\/a>\n\t\t\t\t<\/div>\n\t\t\t\t\t\t\t\t<\/div>\n\t\t\t\t<\/div>\n\t\t\t\t\t<\/div>\n\t\t<\/div>\n\t\t\t\t\t<\/div>\n\t\t<\/section>\n\t\t\t\t\t<\/div>\n\t\t<\/div>\n\t\t\t\t\t<\/div>\n\t\t<\/section>\n\t\t\t\t<\/div>","protected":false},"excerpt":{"rendered":"<p>Curso de Forma\u00e7\u00e3o de Professor de Ingl\u00eas Curso Online de Forma\u00e7\u00e3o de Professor de Ingl\u00eas Experimentar Que tal fazer uma aula experimental por apenas \u00a5 1,000 ienes\u00a0( aprox. U$ d\u00f3lares).\u00a0 Ganhe 2 aulas brinde ao se matricular sem experimentar Quero me matricular Se voc\u00ea j\u00e1 \u00e9 fluente em Ingl\u00eas mas n\u00e3o tem experi\u00eancia em ensinar, &hellip;<\/p>\n<p class=\"read-more\"> <a class=\"\" href=\"https:\/\/live-lesson.co.jp\/es\/curso-professor-ingles\/\"> <span class=\"screen-reader-text\">Curso de formaci\u00f3n de profesores de ingl\u00e9s<\/span> Leer m\u00e1s &raquo;<\/a><\/p>","protected":false},"author":1,"featured_media":0,"parent":0,"menu_order":0,"comment_status":"closed","ping_status":"closed","template":"","meta":{"site-sidebar-layout":"no-sidebar","site-content-layout":"page-builder","ast-global-header-display":"","ast-main-header-display":"","ast-hfb-above-header-display":"","ast-hfb-below-header-display":"","ast-hfb-mobile-header-display":"","site-post-title":"disabled","ast-breadcrumbs-content":"disabled","ast-featured-img":"disabled","footer-sml-layout":"","theme-transparent-header-meta":"enabled","adv-header-id-meta":"","stick-header-meta":"","header-above-stick-meta":"","header-main-stick-meta":"","header-below-stick-meta":"","footnotes":""},"class_list":["post-1089","page","type-page","status-publish","hentry"],"_links":{"self":[{"href":"https:\/\/live-lesson.co.jp\/es\/wp-json\/wp\/v2\/pages\/1089","targetHints":{"allow":["GET"]}}],"collection":[{"href":"https:\/\/live-lesson.co.jp\/es\/wp-json\/wp\/v2\/pages"}],"about":[{"href":"https:\/\/live-lesson.co.jp\/es\/wp-json\/wp\/v2\/types\/page"}],"author":[{"embeddable":true,"href":"https:\/\/live-lesson.co.jp\/es\/wp-json\/wp\/v2\/users\/1"}],"replies":[{"embeddable":true,"href":"https:\/\/live-lesson.co.jp\/es\/wp-json\/wp\/v2\/comments?post=1089"}],"version-history":[{"count":16,"href":"https:\/\/live-lesson.co.jp\/es\/wp-json\/wp\/v2\/pages\/1089\/revisions"}],"predecessor-version":[{"id":1983,"href":"https:\/\/live-lesson.co.jp\/es\/wp-json\/wp\/v2\/pages\/1089\/revisions\/1983"}],"wp:attachment":[{"href":"https:\/\/live-lesson.co.jp\/es\/wp-json\/wp\/v2\/media?parent=1089"}],"curies":[{"name":"wp","href":"https:\/\/api.w.org\/{rel}","templated":true}]}}