{"id":1030,"date":"2020-12-14T14:39:06","date_gmt":"2020-12-14T05:39:06","guid":{"rendered":"https:\/\/live-lesson.co.jp\/?page_id=1030"},"modified":"2022-09-04T22:17:13","modified_gmt":"2022-09-04T13:17:13","slug":"curso-de-japones-online","status":"publish","type":"page","link":"https:\/\/live-lesson.co.jp\/ja\/curso-de-japones-online\/","title":{"rendered":"\u30aa\u30f3\u30e9\u30a4\u30f3\u65e5\u672c\u8a9e\u30b3\u30fc\u30b9"},"content":{"rendered":"<div data-elementor-type=\"wp-page\" data-elementor-id=\"1030\" class=\"elementor elementor-1030\">\n\t\t\t\t\t\t<section class=\"elementor-section elementor-top-section elementor-element elementor-element-6ff2ff7 elementor-section-boxed elementor-section-height-default elementor-section-height-default\" data-id=\"6ff2ff7\" data-element_type=\"section\" data-e-type=\"section\" data-settings=\"{&quot;background_background&quot;:&quot;classic&quot;}\">\n\t\t\t\t\t\t\t<div class=\"elementor-background-overlay\"><\/div>\n\t\t\t\t\t\t\t<div class=\"elementor-container elementor-column-gap-no\">\n\t\t\t\t\t<div class=\"elementor-column elementor-col-100 elementor-top-column elementor-element elementor-element-f7ad1cb\" data-id=\"f7ad1cb\" data-element_type=\"column\" data-e-type=\"column\">\n\t\t\t<div class=\"elementor-widget-wrap elementor-element-populated\">\n\t\t\t\t\t\t<div class=\"elementor-element elementor-element-bee4950 elementor-widget elementor-widget-heading\" data-id=\"bee4950\" data-element_type=\"widget\" data-e-type=\"widget\" data-widget_type=\"heading.default\">\n\t\t\t\t<div class=\"elementor-widget-container\">\n\t\t\t\t\t<h2 class=\"elementor-heading-title elementor-size-default\">\u30aa\u30f3\u30e9\u30a4\u30f3\u65e5\u672c\u8a9e\u30b3\u30fc\u30b9<\/h2>\t\t\t\t<\/div>\n\t\t\t\t<\/div>\n\t\t\t\t\t<\/div>\n\t\t<\/div>\n\t\t\t\t\t<\/div>\n\t\t<\/section>\n\t\t\t\t<section class=\"elementor-section elementor-top-section elementor-element elementor-element-740b4a2 elementor-section-boxed elementor-section-height-default elementor-section-height-default\" data-id=\"740b4a2\" data-element_type=\"section\" data-e-type=\"section\" data-settings=\"{&quot;background_background&quot;:&quot;slideshow&quot;,&quot;background_slideshow_gallery&quot;:[],&quot;background_slideshow_loop&quot;:&quot;yes&quot;,&quot;background_slideshow_slide_duration&quot;:5000,&quot;background_slideshow_slide_transition&quot;:&quot;fade&quot;,&quot;background_slideshow_transition_duration&quot;:500}\">\n\t\t\t\t\t\t<div class=\"elementor-container elementor-column-gap-default\">\n\t\t\t\t\t<div class=\"elementor-column elementor-col-100 elementor-top-column elementor-element elementor-element-b70e6f3\" data-id=\"b70e6f3\" data-element_type=\"column\" data-e-type=\"column\">\n\t\t\t<div class=\"elementor-widget-wrap elementor-element-populated\">\n\t\t\t\t\t\t<div class=\"elementor-element elementor-element-91b74ea elementor-widget elementor-widget-heading\" data-id=\"91b74ea\" data-element_type=\"widget\" data-e-type=\"widget\" data-widget_type=\"heading.default\">\n\t\t\t\t<div class=\"elementor-widget-container\">\n\t\t\t\t\t<h5 class=\"elementor-heading-title elementor-size-default\">\u30aa\u30f3\u30e9\u30a4\u30f3\u65e5\u672c\u8a9e\u30b3\u30fc\u30b9 - \u500b\u5225\u30e9\u30a4\u30d6\u6307\u5c0e\u3002\u30c8\u30ec\u30fc\u30cb\u30f3\u30b0\u3055\u308c\u305f\u7d4c\u9a13\u8c4a\u5bcc\u306a\u6559\u5e2b\u9663\u3068\u4e00\u7dd2\u306b\u65e5\u672c\u8a9e\u3092\u5b66\u3076\u3053\u3068\u304c\u3044\u304b\u306b\u65e9\u304f\u7c21\u5358\u304b\u3092\u3054\u89a7\u304f\u3060\u3055\u3044\u3002<br><br><\/h5>\t\t\t\t<\/div>\n\t\t\t\t<\/div>\n\t\t\t\t\t<\/div>\n\t\t<\/div>\n\t\t\t\t\t<\/div>\n\t\t<\/section>\n\t\t\t\t<section class=\"elementor-section elementor-top-section elementor-element elementor-element-0ab878a elementor-section-boxed elementor-section-height-default elementor-section-height-default\" data-id=\"0ab878a\" data-element_type=\"section\" data-e-type=\"section\">\n\t\t\t\t\t\t<div class=\"elementor-container elementor-column-gap-default\">\n\t\t\t\t\t<div class=\"elementor-column elementor-col-100 elementor-top-column elementor-element elementor-element-7cfc904\" data-id=\"7cfc904\" data-element_type=\"column\" data-e-type=\"column\">\n\t\t\t<div class=\"elementor-widget-wrap elementor-element-populated\">\n\t\t\t\t\t\t<section class=\"elementor-section elementor-inner-section elementor-element elementor-element-efedf2f elementor-section-boxed elementor-section-height-default elementor-section-height-default\" data-id=\"efedf2f\" data-element_type=\"section\" data-e-type=\"section\" data-settings=\"{&quot;background_background&quot;:&quot;classic&quot;}\">\n\t\t\t\t\t\t\t<div class=\"elementor-background-overlay\"><\/div>\n\t\t\t\t\t\t\t<div class=\"elementor-container elementor-column-gap-default\">\n\t\t\t\t\t<div class=\"elementor-column elementor-col-50 elementor-inner-column elementor-element elementor-element-1dcf263\" data-id=\"1dcf263\" data-element_type=\"column\" data-e-type=\"column\" data-settings=\"{&quot;background_background&quot;:&quot;classic&quot;}\">\n\t\t\t<div class=\"elementor-widget-wrap elementor-element-populated\">\n\t\t\t\t\t\t<div class=\"elementor-element elementor-element-0b57c3f elementor-align-center elementor-mobile-align-left elementor-tablet-align-left elementor-widget elementor-widget-button\" data-id=\"0b57c3f\" data-element_type=\"widget\" data-e-type=\"widget\" data-widget_type=\"button.default\">\n\t\t\t\t<div class=\"elementor-widget-container\">\n\t\t\t\t\t\t\t\t\t<div class=\"elementor-button-wrapper\">\n\t\t\t\t\t<a class=\"elementor-button elementor-button-link elementor-size-sm\" href=\"\/ja\/aula-experimental\/\">\n\t\t\t\t\t\t<span class=\"elementor-button-content-wrapper\">\n\t\t\t\t\t\t\t\t\t<span class=\"elementor-button-text\">\u5b9f\u9a13<\/span>\n\t\t\t\t\t<\/span>\n\t\t\t\t\t<\/a>\n\t\t\t\t<\/div>\n\t\t\t\t\t\t\t\t<\/div>\n\t\t\t\t<\/div>\n\t\t\t\t<div class=\"elementor-element elementor-element-66aab0e elementor-widget elementor-widget-shortcode\" data-id=\"66aab0e\" data-element_type=\"widget\" data-e-type=\"widget\" data-widget_type=\"shortcode.default\">\n\t\t\t\t<div class=\"elementor-widget-container\">\n\t\t\t\t\t\t\t<div class=\"elementor-shortcode\">Que tal fazer uma aula experimental por apenas \u00a5 1,000 ienes\u00a0( aprox. U$ 6 d\u00f3lares).\u00a0<\/div>\n\t\t\t\t\t\t<\/div>\n\t\t\t\t<\/div>\n\t\t\t\t\t<\/div>\n\t\t<\/div>\n\t\t\t\t<div class=\"elementor-column elementor-col-50 elementor-inner-column elementor-element elementor-element-0feb5ec\" data-id=\"0feb5ec\" data-element_type=\"column\" data-e-type=\"column\">\n\t\t\t<div class=\"elementor-widget-wrap elementor-element-populated\">\n\t\t\t\t\t\t<div class=\"elementor-element elementor-element-80dbd5d elementor-widget elementor-widget-heading\" data-id=\"80dbd5d\" data-element_type=\"widget\" data-e-type=\"widget\" data-widget_type=\"heading.default\">\n\t\t\t\t<div class=\"elementor-widget-container\">\n\t\t\t\t\t<h6 class=\"elementor-heading-title elementor-size-default\"><a href=\"\/ja\/matricula\/\">\u304a\u8a66\u3057\u306a\u3057\u3067\u3054\u5165\u4f1a\u3055\u308c\u305f\u5834\u5408\u3001\u30ec\u30c3\u30b9\u30f32\u56de\u5206\u304c\u7121\u6599\u306b\u306a\u308a\u307e\u3059\u3002<\/a><\/h6>\t\t\t\t<\/div>\n\t\t\t\t<\/div>\n\t\t\t\t<div class=\"elementor-element elementor-element-5e5609a elementor-align-center elementor-mobile-align-left elementor-tablet-align-left elementor-widget elementor-widget-button\" data-id=\"5e5609a\" data-element_type=\"widget\" data-e-type=\"widget\" data-widget_type=\"button.default\">\n\t\t\t\t<div class=\"elementor-widget-container\">\n\t\t\t\t\t\t\t\t\t<div class=\"elementor-button-wrapper\">\n\t\t\t\t\t<a class=\"elementor-button elementor-button-link elementor-size-sm\" href=\"\/ja\/matricula\/\">\n\t\t\t\t\t\t<span class=\"elementor-button-content-wrapper\">\n\t\t\t\t\t\t\t\t\t<span class=\"elementor-button-text\">\u767b\u9332\u3057\u305f\u3044<\/span>\n\t\t\t\t\t<\/span>\n\t\t\t\t\t<\/a>\n\t\t\t\t<\/div>\n\t\t\t\t\t\t\t\t<\/div>\n\t\t\t\t<\/div>\n\t\t\t\t\t<\/div>\n\t\t<\/div>\n\t\t\t\t\t<\/div>\n\t\t<\/section>\n\t\t\t\t\t<\/div>\n\t\t<\/div>\n\t\t\t\t\t<\/div>\n\t\t<\/section>\n\t\t\t\t<section class=\"elementor-section elementor-top-section elementor-element elementor-element-1ed0aaa elementor-section-boxed elementor-section-height-default elementor-section-height-default\" data-id=\"1ed0aaa\" data-element_type=\"section\" data-e-type=\"section\">\n\t\t\t\t\t\t<div class=\"elementor-container elementor-column-gap-default\">\n\t\t\t\t\t<div class=\"elementor-column elementor-col-100 elementor-top-column elementor-element elementor-element-f0d7761\" data-id=\"f0d7761\" data-element_type=\"column\" data-e-type=\"column\">\n\t\t\t<div class=\"elementor-widget-wrap elementor-element-populated\">\n\t\t\t\t\t\t<div class=\"elementor-element elementor-element-ece9884 elementor-widget elementor-widget-text-editor\" data-id=\"ece9884\" data-element_type=\"widget\" data-e-type=\"widget\" data-widget_type=\"text-editor.default\">\n\t\t\t\t<div class=\"elementor-widget-container\">\n\t\t\t\t\t\t\t\t\t<h4><span style=\"color: #ff0000;\">\u30d1\u30fc\u30bd\u30ca\u30e9\u30a4\u30ba\u3055\u308c\u305f\u30ec\u30c3\u30b9\u30f3\u306e\u629c\u7c8b\u306f\u4ee5\u4e0b\u306e\u30b9\u30e9\u30a4\u30c9\u3092\u3054\u89a7\u304f\u3060\u3055\u3044\u3002\u00a0<\/span><\/h4>\t\t\t\t\t\t\t\t<\/div>\n\t\t\t\t<\/div>\n\t\t\t\t\t<\/div>\n\t\t<\/div>\n\t\t\t\t\t<\/div>\n\t\t<\/section>\n\t\t\t\t<section class=\"elementor-section elementor-top-section elementor-element elementor-element-f873186 elementor-section-content-middle elementor-section-boxed elementor-section-height-default elementor-section-height-default\" data-id=\"f873186\" data-element_type=\"section\" data-e-type=\"section\" data-settings=\"{&quot;background_background&quot;:&quot;gradient&quot;}\">\n\t\t\t\t\t\t<div class=\"elementor-container elementor-column-gap-no\">\n\t\t\t\t\t<div class=\"elementor-column elementor-col-100 elementor-top-column elementor-element elementor-element-1e8e919\" data-id=\"1e8e919\" data-element_type=\"column\" data-e-type=\"column\">\n\t\t\t<div class=\"elementor-widget-wrap elementor-element-populated\">\n\t\t\t\t\t\t<div class=\"elementor-element elementor-element-da54622 elementor-widget-divider--separator-type-pattern elementor-widget-divider--view-line elementor-widget elementor-widget-divider\" data-id=\"da54622\" data-element_type=\"widget\" data-e-type=\"widget\" data-widget_type=\"divider.default\">\n\t\t\t\t<div class=\"elementor-widget-container\">\n\t\t\t\t\t\t\t<div class=\"elementor-divider\" style=\"--divider-pattern-url: url(&quot;data:image\/svg+xml,%3Csvg xmlns=&#039;http:\/\/www.w3.org\/2000\/svg&#039; preserveAspectRatio=&#039;none&#039; overflow=&#039;visible&#039; height=&#039;100%&#039; viewBox=&#039;0 0 24 24&#039; fill=&#039;black&#039; stroke=&#039;none&#039;%3E%3Cpolygon points=&#039;9.4,2 24,2 14.6,21.6 0,21.6&#039;\/%3E%3C\/svg%3E&quot;);\">\n\t\t\t<span class=\"elementor-divider-separator\">\n\t\t\t\t\t\t<\/span>\n\t\t<\/div>\n\t\t\t\t\t\t<\/div>\n\t\t\t\t<\/div>\n\t\t\t\t<div class=\"elementor-element elementor-element-cf39eb3 elementor-widget elementor-widget-text-editor\" data-id=\"cf39eb3\" data-element_type=\"widget\" data-e-type=\"widget\" data-widget_type=\"text-editor.default\">\n\t\t\t\t<div class=\"elementor-widget-container\">\n\t\t\t\t\t\t\t\t\t<h4>\u00a0<\/h4><h4>\u65e5\u672c\u8a9e\u30aa\u30f3\u30e9\u30a4\u30f3\u30b3\u30fc\u30b9<\/h4><div><h4>\u305c\u3072\u304a\u8a66\u3057\u304f\u3060\u3055\u3044\u3002<\/h4><ul><li>\u30dd\u30eb\u30c8\u30ac\u30eb\u8a9e\u3092\u8a71\u3059\u512a\u79c0\u306a\u6559\u5e2b\u306b\u3088\u308b\u30e9\u30a4\u30d6\u6388\u696d\uff1b<\/li><li>\u751f\u5f92\u4e00\u4eba\u3072\u3068\u308a\u306e\u30cb\u30fc\u30ba\u306b\u5408\u308f\u305b\u305f\u500b\u5225\u6307\u5c0e\uff1b<\/li><li>\u77ed\u671f\u9593\u3067\u7d50\u679c\u3092\u51fa\u3059\u52b9\u7387\u7684\u306a\u65b9\u6cd5\u8ad6\uff1b<\/li><li>\u30de\u30f3\u30c4\u30fc\u30de\u30f3\u30ec\u30c3\u30b9\u30f3\uff1a\u4ed6\u306e\u751f\u5f92\u306e\u524d\u3067\u9593\u9055\u3048\u305f\u308a\u3001\u8cea\u554f\u3057\u305f\u308a\u3059\u308b\u3053\u3068\u3092\u6050\u308c\u306a\u3044\u3067\u304f\u3060\u3055\u3044\uff1b<\/li><li>\u30ec\u30c3\u30b9\u30f3\u6642\u9593\u3092\u304a\u9078\u3073\u3044\u305f\u3060\u3051\u307e\u3059\u3002\u6570\u56de\u30af\u30ea\u30c3\u30af\u3059\u308b\u3060\u3051\u3067\u3059\uff1b<\/li><li>\u6388\u696d\u306f\u5348\u524d\u3001\u5348\u5f8c\u3001\u591c\u9593\uff08\u795d\u65e5\u3092\u542b\u3080\uff09\uff1b<\/li><li>\u30ec\u30c3\u30b9\u30f3\u306e\u66dc\u65e5\u3068\u6642\u9593\u306f\u751f\u5f92\u304c\u9078\u3073\u307e\u3059\u3002\u4f8b\u3048\u3070\u3001\u3042\u308b\u9031\u306f\u5348\u524d\u4e2d\u3001\u6b21\u306e\u9031\u306f\u5915\u65b9\u306a\u3069\uff09\uff1b<\/li><\/ul><p>\u3060\u304b\u3089\u5bfe\u9762\u5f0f\u306a\u3093\u3067\u3059\u3002<\/p><h4><span style=\"text-decoration: underline;\">\u6982\u8981<\/span><\/h4><ul><li>\u65e5\u672c\u8a9e\uff08\u521d\u7d1a\uff5e\u4e0a\u7d1a\uff09<\/li><li>\u30b5\u30d0\u30a4\u30d0\u30eb\u65e5\u672c\u8a9e \/ \u65e5\u672c\u3067\u306e\u65e5\u5e38\u751f\u6d3b\u307e\u305f\u306f\u65c5\u884c<\/li><li>\u4ed5\u4e8b\u306e\u305f\u3081\u306e\u65e5\u672c\u8a9e<\/li><li>\u65e5\u672c\u8a9e\u80fd\u529b\u8a66\u9a13\u5bfe\u7b56 - N5, N4, N3, N2, N1<\/li><\/ul><p align=\"justify\">\u6388\u696d\u4e2d\u306b\u30a2\u30bb\u30b9\u30e1\u30f3\u30c8\u3092\u884c\u3044\u3001\u81ea\u5206\u306b\u5408\u3063\u305f\u30b3\u30fc\u30b9\u3092\u898b\u3064\u3051\u307e\u3057\u3087\u3046\u3002<\/p><p align=\"justify\"><strong>\u30b5\u30d0\u30a4\u30d0\u30eb\u65e5\u672c\u8a9e \/ \u65e5\u672c\u3067\u306e\u65e5\u5e38\u751f\u6d3b\u307e\u305f\u306f\u65c5\u884c<\/strong><\/p><p align=\"justify\"><span style=\"font-size: 16px;\">\u30ec\u30d9\u30eb <\/span><strong style=\"font-size: 16px;\">1\u518a<\/strong><\/p><p align=\"justify\">\u5404\u30ec\u30d9\u30eb\u306e\u5e73\u5747\u6240\u8981\u6642\u9593\u21d2\u4ee5\u4e0b <strong>\u7d046\u30f6\u6708 <\/strong>*<\/p><p align=\"justify\">* FLEX 8\u30d7\u30e9\u30f3\u306b\u57fa\u3065\u304f\u671f\u9593(<strong>8<\/strong> \u500b\u4eba\u30ec\u30c3\u30b9\u30f3\/\u6708\uff09<\/p><p align=\"justify\">\u751f\u5f92\u306e\u30da\u30fc\u30b9\u306b\u5408\u308f\u305b\u305f\u500b\u4eba\u30ec\u30c3\u30b9\u30f3\u306a\u306e\u3067\u3001\u751f\u5f92\u306e\u6210\u7e3e\u3084\u30ec\u30c3\u30b9\u30f3\u56de\u6570\u306b\u3088\u3063\u3066\u306f\u3001\u3082\u3063\u3068\u77ed\u6642\u9593\u3067\u6e08\u3080\u3053\u3068\u3082\u3042\u308a\u307e\u3059\u3002<\/p><p align=\"justify\">\u5404\u30ec\u30c3\u30b9\u30f3\u306e\u6240\u8981\u6642\u9593 = 55\u5206<\/p><p>\u524d\u63d0\u6761\u4ef6\uff1a\u306a\u3057<\/p><p>\u521d\u5fc3\u8005\u5411\u3051\u3002\u3072\u3089\u304c\u306a\u3001\u30ab\u30bf\u30ab\u30ca\u306f\u4e0d\u8981\u3067\u3059\u3002<\/p><p><strong>\u30d9\u30fc\u30b7\u30c3\u30af <\/strong><\/p><p>\u30ec\u30d9\u30eb <strong>2\u518a<\/strong><\/p><p>\u5404\u30ec\u30d9\u30eb\u306e\u5e73\u5747\u6240\u8981\u6642\u9593\u21d2\u4ee5\u4e0b <strong>\u7d046\u30f6\u6708 <\/strong>*<\/p><p>* FLEX 8\u30d7\u30e9\u30f3\u306b\u57fa\u3065\u304f\u671f\u9593(<strong>8<\/strong> \u500b\u4eba\u30ec\u30c3\u30b9\u30f3\/\u6708)<\/p><p>\u751f\u5f92\u306e\u30da\u30fc\u30b9\u306b\u5408\u308f\u305b\u305f\u500b\u4eba\u30ec\u30c3\u30b9\u30f3\u306a\u306e\u3067\u3001\u751f\u5f92\u306e\u6210\u7e3e\u6b21\u7b2c\u3067\u306f\u3082\u3063\u3068\u77ed\u6642\u9593\u3067\u7d42\u308f\u308b\u3053\u3068\u3082\u3042\u308a\u307e\u3059\u3002<\/p><p>\u5404\u30ec\u30c3\u30b9\u30f3\u306e\u6240\u8981\u6642\u9593 = 55\u5206<\/p><p>\u3072\u3089\u304c\u306a\u3001\u30ab\u30bf\u30ab\u30ca\u306e\u8aad\u307f\u66f8\u304d\u304c\u3067\u304d\u308b\u3053\u3068\u3002<\/p><p><strong>\u65e5\u672c\u8a9e\u80fd\u529b\u8a66\u9a13\u5bfe\u7b56\u8b1b\u5ea7 <\/strong><\/p><p>\u30ec\u30d9\u30eb <strong>N5 - N4 - N3 - N2 - N1 <\/strong><\/p><p>\u5404\u30ec\u30d9\u30eb\u306e\u5e73\u5747\u6240\u8981\u6642\u9593\u21d2\u4ee5\u4e0b <strong>\u751f\u5f92\u306b\u3088\u3063\u3066\u7570\u306a\u308a\u307e\u3059<\/strong>*<\/p><p>* \u53d7\u8b1b\u671f\u9593\u306f\u3001\u5404\u53d7\u8b1b\u751f\u306e\u6210\u7e3e\u3068\u65e2\u306b\u7fd2\u5f97\u3057\u3066\u3044\u308b\u77e5\u8b58\u306b\u57fa\u3065\u3044\u3066\u6c7a\u5b9a\u3055\u308c\u307e\u3059\u3002<\/p><p>\u3072\u3089\u304c\u306a\u3001\u30ab\u30bf\u30ab\u30ca\u306e\u8aad\u307f\u66f8\u304d\u304c\u3067\u304d\u308b\u3053\u3068\u3002<\/p><\/div>\t\t\t\t\t\t\t\t<\/div>\n\t\t\t\t<\/div>\n\t\t\t\t<div class=\"elementor-element elementor-element-def8976 elementor-widget elementor-widget-spacer\" data-id=\"def8976\" data-element_type=\"widget\" data-e-type=\"widget\" data-widget_type=\"spacer.default\">\n\t\t\t\t<div class=\"elementor-widget-container\">\n\t\t\t\t\t\t\t<div class=\"elementor-spacer\">\n\t\t\t<div class=\"elementor-spacer-inner\"><\/div>\n\t\t<\/div>\n\t\t\t\t\t\t<\/div>\n\t\t\t\t<\/div>\n\t\t\t\t<div class=\"elementor-element elementor-element-622e286 elementor-widget elementor-widget-heading\" data-id=\"622e286\" data-element_type=\"widget\" data-e-type=\"widget\" data-widget_type=\"heading.default\">\n\t\t\t\t<div class=\"elementor-widget-container\">\n\t\t\t\t\t<h6 class=\"elementor-heading-title elementor-size-default\"><p><strong>\u6700\u4f4e\u6761\u4ef6<\/strong><\/p><p>- \u30af\u30e9\u30c3\u30b7\u30e5\u3059\u308b\u3053\u3068\u306a\u304f\u30aa\u30f3\u30e9\u30a4\u30f3\u3067\u6620\u753b\u3092\u9451\u8cde\u3059\u308b\u306e\u306b\u5341\u5206\u306a\u901f\u5ea6\u306e\u30a4\u30f3\u30bf\u30fc\u30cd\u30c3\u30c8\u63a5\u7d9a<\/p><p>- \u30de\u30a4\u30af\u4ed8\u304d\u30d1\u30bd\u30b3\u30f3\uff08\u30a6\u30a7\u30d6\u30ab\u30e1\u30e9\u63a8\u5968\uff09\u3001\u30bf\u30d6\u30ec\u30c3\u30c8\u307e\u305f\u306f\u30b9\u30de\u30fc\u30c8\u30d5\u30a9\u30f3\uff08\u753b\u9762\u304c\u5927\u304d\u3044\u3082\u306e\uff09<\/p><p>- \u30d8\u30c3\u30c9\u30d5\u30a9\u30f3\uff08\u63a8\u5968\uff09<\/p><\/h6>\t\t\t\t<\/div>\n\t\t\t\t<\/div>\n\t\t\t\t\t<\/div>\n\t\t<\/div>\n\t\t\t\t\t<\/div>\n\t\t<\/section>\n\t\t\t\t<section class=\"elementor-section elementor-top-section elementor-element elementor-element-d7c961d elementor-section-boxed elementor-section-height-default elementor-section-height-default\" data-id=\"d7c961d\" data-element_type=\"section\" data-e-type=\"section\">\n\t\t\t\t\t\t<div class=\"elementor-container elementor-column-gap-default\">\n\t\t\t\t\t<div class=\"elementor-column elementor-col-100 elementor-top-column elementor-element elementor-element-6068466\" data-id=\"6068466\" data-element_type=\"column\" data-e-type=\"column\">\n\t\t\t<div class=\"elementor-widget-wrap elementor-element-populated\">\n\t\t\t\t\t\t<section class=\"elementor-section elementor-inner-section elementor-element elementor-element-9010e10 elementor-section-boxed elementor-section-height-default elementor-section-height-default\" data-id=\"9010e10\" data-element_type=\"section\" data-e-type=\"section\" data-settings=\"{&quot;background_background&quot;:&quot;classic&quot;}\">\n\t\t\t\t\t\t\t<div class=\"elementor-background-overlay\"><\/div>\n\t\t\t\t\t\t\t<div class=\"elementor-container elementor-column-gap-default\">\n\t\t\t\t\t<div class=\"elementor-column elementor-col-50 elementor-inner-column elementor-element elementor-element-67bfb30\" data-id=\"67bfb30\" data-element_type=\"column\" data-e-type=\"column\" data-settings=\"{&quot;background_background&quot;:&quot;classic&quot;}\">\n\t\t\t<div class=\"elementor-widget-wrap elementor-element-populated\">\n\t\t\t\t\t\t<div class=\"elementor-element elementor-element-aa27a2b elementor-align-center elementor-mobile-align-left elementor-tablet-align-left elementor-widget elementor-widget-button\" data-id=\"aa27a2b\" data-element_type=\"widget\" data-e-type=\"widget\" data-widget_type=\"button.default\">\n\t\t\t\t<div class=\"elementor-widget-container\">\n\t\t\t\t\t\t\t\t\t<div class=\"elementor-button-wrapper\">\n\t\t\t\t\t<a class=\"elementor-button elementor-button-link elementor-size-sm\" href=\"\/ja\/aula-experimental\/\">\n\t\t\t\t\t\t<span class=\"elementor-button-content-wrapper\">\n\t\t\t\t\t\t\t\t\t<span class=\"elementor-button-text\">\u5b9f\u9a13<\/span>\n\t\t\t\t\t<\/span>\n\t\t\t\t\t<\/a>\n\t\t\t\t<\/div>\n\t\t\t\t\t\t\t\t<\/div>\n\t\t\t\t<\/div>\n\t\t\t\t<div class=\"elementor-element elementor-element-7bc7bd6 elementor-widget elementor-widget-shortcode\" data-id=\"7bc7bd6\" data-element_type=\"widget\" data-e-type=\"widget\" data-widget_type=\"shortcode.default\">\n\t\t\t\t<div class=\"elementor-widget-container\">\n\t\t\t\t\t\t\t<div class=\"elementor-shortcode\">Que tal fazer uma aula experimental por apenas \u00a5 1,000 ienes\u00a0( aprox. U$ 6 d\u00f3lares).\u00a0<\/div>\n\t\t\t\t\t\t<\/div>\n\t\t\t\t<\/div>\n\t\t\t\t\t<\/div>\n\t\t<\/div>\n\t\t\t\t<div class=\"elementor-column elementor-col-50 elementor-inner-column elementor-element elementor-element-15760f8\" data-id=\"15760f8\" data-element_type=\"column\" data-e-type=\"column\">\n\t\t\t<div class=\"elementor-widget-wrap elementor-element-populated\">\n\t\t\t\t\t\t<div class=\"elementor-element elementor-element-0c9558c elementor-widget elementor-widget-heading\" data-id=\"0c9558c\" data-element_type=\"widget\" data-e-type=\"widget\" data-widget_type=\"heading.default\">\n\t\t\t\t<div class=\"elementor-widget-container\">\n\t\t\t\t\t<h6 class=\"elementor-heading-title elementor-size-default\"><a href=\"\/ja\/matricula\/\">\u304a\u8a66\u3057\u306a\u3057\u3067\u3054\u5165\u4f1a\u3055\u308c\u305f\u5834\u5408\u3001\u30ec\u30c3\u30b9\u30f32\u56de\u5206\u304c\u7121\u6599\u306b\u306a\u308a\u307e\u3059\u3002<\/a><\/h6>\t\t\t\t<\/div>\n\t\t\t\t<\/div>\n\t\t\t\t<div class=\"elementor-element elementor-element-51efba9 elementor-align-center elementor-mobile-align-left elementor-tablet-align-left elementor-widget elementor-widget-button\" data-id=\"51efba9\" data-element_type=\"widget\" data-e-type=\"widget\" data-widget_type=\"button.default\">\n\t\t\t\t<div class=\"elementor-widget-container\">\n\t\t\t\t\t\t\t\t\t<div class=\"elementor-button-wrapper\">\n\t\t\t\t\t<a class=\"elementor-button elementor-button-link elementor-size-sm\" href=\"\/ja\/matricula\/\">\n\t\t\t\t\t\t<span class=\"elementor-button-content-wrapper\">\n\t\t\t\t\t\t\t\t\t<span class=\"elementor-button-text\">\u767b\u9332\u3057\u305f\u3044<\/span>\n\t\t\t\t\t<\/span>\n\t\t\t\t\t<\/a>\n\t\t\t\t<\/div>\n\t\t\t\t\t\t\t\t<\/div>\n\t\t\t\t<\/div>\n\t\t\t\t\t<\/div>\n\t\t<\/div>\n\t\t\t\t\t<\/div>\n\t\t<\/section>\n\t\t\t\t\t<\/div>\n\t\t<\/div>\n\t\t\t\t\t<\/div>\n\t\t<\/section>\n\t\t\t\t<\/div>","protected":false},"excerpt":{"rendered":"<p>Curso de Japon\u00eas Online Curso de Japon\u00eas Online &#8211; Aula particular ao vivo personalizada. Veja como \u00e9 f\u00e1cil e r\u00e1pido aprender Japon\u00eas com professores capacitados e experientes. Experimentar Que tal fazer uma aula experimental por apenas \u00a5 1,000 ienes\u00a0( aprox. U$ d\u00f3lares).\u00a0 Ganhe 2 aulas brinde ao se matricular sem experimentar Quero me matricular Veja no slide abaixo trechos de algumas aulas personalizadas.\u00a0 \u00a0 Curso de Japon\u00eas pela Internet Experimente e veja a diferen\u00e7a Aulas ao vivo, com professores altamente qualificados (que falam portugu\u00eas); Ensino personalizado de acordo com a necessidade de cada aluno; Metodologia eficiente com resultado em pouco tempo; Aulas Individuais: n\u00e3o tenha receio de errar ou fazer &hellip;<\/p>\n<p class=\"read-more\"> <a class=\"\" href=\"https:\/\/live-lesson.co.jp\/ja\/curso-de-japones-online\/\"> <span class=\"screen-reader-text\">\u30aa\u30f3\u30e9\u30a4\u30f3\u65e5\u672c\u8a9e\u30b3\u30fc\u30b9<\/span> \u3082\u3063\u3068\u8aad\u3080 &raquo;<\/a><\/p>","protected":false},"author":1,"featured_media":0,"parent":0,"menu_order":0,"comment_status":"closed","ping_status":"closed","template":"","meta":{"site-sidebar-layout":"no-sidebar","site-content-layout":"page-builder","ast-global-header-display":"","ast-main-header-display":"","ast-hfb-above-header-display":"","ast-hfb-below-header-display":"","ast-hfb-mobile-header-display":"","site-post-title":"disabled","ast-breadcrumbs-content":"disabled","ast-featured-img":"disabled","footer-sml-layout":"","theme-transparent-header-meta":"enabled","adv-header-id-meta":"","stick-header-meta":"","header-above-stick-meta":"","header-main-stick-meta":"","header-below-stick-meta":"","footnotes":""},"class_list":["post-1030","page","type-page","status-publish","hentry"],"_links":{"self":[{"href":"https:\/\/live-lesson.co.jp\/ja\/wp-json\/wp\/v2\/pages\/1030","targetHints":{"allow":["GET"]}}],"collection":[{"href":"https:\/\/live-lesson.co.jp\/ja\/wp-json\/wp\/v2\/pages"}],"about":[{"href":"https:\/\/live-lesson.co.jp\/ja\/wp-json\/wp\/v2\/types\/page"}],"author":[{"embeddable":true,"href":"https:\/\/live-lesson.co.jp\/ja\/wp-json\/wp\/v2\/users\/1"}],"replies":[{"embeddable":true,"href":"https:\/\/live-lesson.co.jp\/ja\/wp-json\/wp\/v2\/comments?post=1030"}],"version-history":[{"count":49,"href":"https:\/\/live-lesson.co.jp\/ja\/wp-json\/wp\/v2\/pages\/1030\/revisions"}],"predecessor-version":[{"id":2040,"href":"https:\/\/live-lesson.co.jp\/ja\/wp-json\/wp\/v2\/pages\/1030\/revisions\/2040"}],"wp:attachment":[{"href":"https:\/\/live-lesson.co.jp\/ja\/wp-json\/wp\/v2\/media?parent=1030"}],"curies":[{"name":"wp","href":"https:\/\/api.w.org\/{rel}","templated":true}]}}