{"id":1089,"date":"2020-12-14T19:36:40","date_gmt":"2020-12-14T10:36:40","guid":{"rendered":"https:\/\/live-lesson.co.jp\/?page_id=1089"},"modified":"2022-02-27T18:57:20","modified_gmt":"2022-02-27T09:57:20","slug":"curso-professor-ingles","status":"publish","type":"page","link":"https:\/\/live-lesson.co.jp\/ja\/curso-professor-ingles\/","title":{"rendered":"\u82f1\u8a9e\u6559\u5e2b\u990a\u6210\u30b3\u30fc\u30b9"},"content":{"rendered":"<div data-elementor-type=\"wp-page\" data-elementor-id=\"1089\" class=\"elementor elementor-1089\">\n\t\t\t\t\t\t<section class=\"elementor-section elementor-top-section elementor-element elementor-element-6ff2ff7 elementor-section-boxed elementor-section-height-default elementor-section-height-default\" data-id=\"6ff2ff7\" data-element_type=\"section\" data-e-type=\"section\" data-settings=\"{&quot;background_background&quot;:&quot;classic&quot;}\">\n\t\t\t\t\t\t\t<div class=\"elementor-background-overlay\"><\/div>\n\t\t\t\t\t\t\t<div class=\"elementor-container elementor-column-gap-no\">\n\t\t\t\t\t<div class=\"elementor-column elementor-col-100 elementor-top-column elementor-element elementor-element-f7ad1cb\" data-id=\"f7ad1cb\" data-element_type=\"column\" data-e-type=\"column\">\n\t\t\t<div class=\"elementor-widget-wrap elementor-element-populated\">\n\t\t\t\t\t\t<div class=\"elementor-element elementor-element-bee4950 elementor-widget elementor-widget-heading\" data-id=\"bee4950\" data-element_type=\"widget\" data-e-type=\"widget\" data-widget_type=\"heading.default\">\n\t\t\t\t<div class=\"elementor-widget-container\">\n\t\t\t\t\t<h3 class=\"elementor-heading-title elementor-size-default\">\u82f1\u8a9e\u6559\u5e2b\u990a\u6210\u30b3\u30fc\u30b9<\/h3>\t\t\t\t<\/div>\n\t\t\t\t<\/div>\n\t\t\t\t\t<\/div>\n\t\t<\/div>\n\t\t\t\t\t<\/div>\n\t\t<\/section>\n\t\t\t\t<section class=\"elementor-section elementor-top-section elementor-element elementor-element-740b4a2 elementor-section-boxed elementor-section-height-default elementor-section-height-default\" data-id=\"740b4a2\" data-element_type=\"section\" data-e-type=\"section\" data-settings=\"{&quot;background_background&quot;:&quot;slideshow&quot;,&quot;background_slideshow_gallery&quot;:[],&quot;background_slideshow_loop&quot;:&quot;yes&quot;,&quot;background_slideshow_slide_duration&quot;:5000,&quot;background_slideshow_slide_transition&quot;:&quot;fade&quot;,&quot;background_slideshow_transition_duration&quot;:500}\">\n\t\t\t\t\t\t<div class=\"elementor-container elementor-column-gap-default\">\n\t\t\t\t\t<div class=\"elementor-column elementor-col-100 elementor-top-column elementor-element elementor-element-b70e6f3\" data-id=\"b70e6f3\" data-element_type=\"column\" data-e-type=\"column\">\n\t\t\t<div class=\"elementor-widget-wrap elementor-element-populated\">\n\t\t\t\t\t\t<div class=\"elementor-element elementor-element-91b74ea elementor-widget elementor-widget-heading\" data-id=\"91b74ea\" data-element_type=\"widget\" data-e-type=\"widget\" data-widget_type=\"heading.default\">\n\t\t\t\t<div class=\"elementor-widget-container\">\n\t\t\t\t\t<h4 class=\"elementor-heading-title elementor-size-default\">\u30aa\u30f3\u30e9\u30a4\u30f3\u82f1\u8a9e\u6559\u5e2b\u990a\u6210\u30b3\u30fc\u30b9<br><br><\/h4>\t\t\t\t<\/div>\n\t\t\t\t<\/div>\n\t\t\t\t\t<\/div>\n\t\t<\/div>\n\t\t\t\t\t<\/div>\n\t\t<\/section>\n\t\t\t\t<section class=\"elementor-section elementor-top-section elementor-element elementor-element-c32b289 elementor-section-boxed elementor-section-height-default elementor-section-height-default\" data-id=\"c32b289\" data-element_type=\"section\" data-e-type=\"section\">\n\t\t\t\t\t\t<div class=\"elementor-container elementor-column-gap-default\">\n\t\t\t\t\t<div class=\"elementor-column elementor-col-100 elementor-top-column elementor-element elementor-element-f4a810e\" data-id=\"f4a810e\" data-element_type=\"column\" data-e-type=\"column\">\n\t\t\t<div class=\"elementor-widget-wrap elementor-element-populated\">\n\t\t\t\t\t\t<section class=\"elementor-section elementor-inner-section elementor-element elementor-element-047248b elementor-section-boxed elementor-section-height-default elementor-section-height-default\" data-id=\"047248b\" data-element_type=\"section\" data-e-type=\"section\" data-settings=\"{&quot;background_background&quot;:&quot;classic&quot;}\">\n\t\t\t\t\t\t\t<div class=\"elementor-background-overlay\"><\/div>\n\t\t\t\t\t\t\t<div class=\"elementor-container elementor-column-gap-default\">\n\t\t\t\t\t<div class=\"elementor-column elementor-col-50 elementor-inner-column elementor-element elementor-element-b318cc3\" data-id=\"b318cc3\" data-element_type=\"column\" data-e-type=\"column\" data-settings=\"{&quot;background_background&quot;:&quot;classic&quot;}\">\n\t\t\t<div class=\"elementor-widget-wrap elementor-element-populated\">\n\t\t\t\t\t\t<div class=\"elementor-element elementor-element-6bd267b elementor-align-center elementor-mobile-align-left elementor-tablet-align-left elementor-widget elementor-widget-button\" data-id=\"6bd267b\" data-element_type=\"widget\" data-e-type=\"widget\" data-widget_type=\"button.default\">\n\t\t\t\t<div class=\"elementor-widget-container\">\n\t\t\t\t\t\t\t\t\t<div class=\"elementor-button-wrapper\">\n\t\t\t\t\t<a class=\"elementor-button elementor-button-link elementor-size-sm\" href=\"\/ja\/aula-experimental\/\">\n\t\t\t\t\t\t<span class=\"elementor-button-content-wrapper\">\n\t\t\t\t\t\t\t\t\t<span class=\"elementor-button-text\">\u5b9f\u9a13<\/span>\n\t\t\t\t\t<\/span>\n\t\t\t\t\t<\/a>\n\t\t\t\t<\/div>\n\t\t\t\t\t\t\t\t<\/div>\n\t\t\t\t<\/div>\n\t\t\t\t<div class=\"elementor-element elementor-element-cad4822 elementor-widget elementor-widget-shortcode\" data-id=\"cad4822\" data-element_type=\"widget\" data-e-type=\"widget\" data-widget_type=\"shortcode.default\">\n\t\t\t\t<div class=\"elementor-widget-container\">\n\t\t\t\t\t\t\t<div class=\"elementor-shortcode\">Que tal fazer uma aula experimental por apenas \u00a5 1,000 ienes\u00a0( aprox. U$ 6 d\u00f3lares).\u00a0<\/div>\n\t\t\t\t\t\t<\/div>\n\t\t\t\t<\/div>\n\t\t\t\t\t<\/div>\n\t\t<\/div>\n\t\t\t\t<div class=\"elementor-column elementor-col-50 elementor-inner-column elementor-element elementor-element-3972533\" data-id=\"3972533\" data-element_type=\"column\" data-e-type=\"column\">\n\t\t\t<div class=\"elementor-widget-wrap elementor-element-populated\">\n\t\t\t\t\t\t<div class=\"elementor-element elementor-element-7e26b31 elementor-widget elementor-widget-heading\" data-id=\"7e26b31\" data-element_type=\"widget\" data-e-type=\"widget\" data-widget_type=\"heading.default\">\n\t\t\t\t<div class=\"elementor-widget-container\">\n\t\t\t\t\t<h6 class=\"elementor-heading-title elementor-size-default\"><a href=\"\/ja\/matricula\/\">\u304a\u8a66\u3057\u306a\u3057\u3067\u3054\u5165\u4f1a\u3055\u308c\u305f\u5834\u5408\u3001\u30ec\u30c3\u30b9\u30f32\u56de\u5206\u304c\u7121\u6599\u306b\u306a\u308a\u307e\u3059\u3002<\/a><\/h6>\t\t\t\t<\/div>\n\t\t\t\t<\/div>\n\t\t\t\t<div class=\"elementor-element elementor-element-9e9c0fb elementor-align-center elementor-mobile-align-left elementor-tablet-align-left elementor-widget elementor-widget-button\" data-id=\"9e9c0fb\" data-element_type=\"widget\" data-e-type=\"widget\" data-widget_type=\"button.default\">\n\t\t\t\t<div class=\"elementor-widget-container\">\n\t\t\t\t\t\t\t\t\t<div class=\"elementor-button-wrapper\">\n\t\t\t\t\t<a class=\"elementor-button elementor-button-link elementor-size-sm\" href=\"\/ja\/matricula\/\">\n\t\t\t\t\t\t<span class=\"elementor-button-content-wrapper\">\n\t\t\t\t\t\t\t\t\t<span class=\"elementor-button-text\">\u767b\u9332\u3057\u305f\u3044<\/span>\n\t\t\t\t\t<\/span>\n\t\t\t\t\t<\/a>\n\t\t\t\t<\/div>\n\t\t\t\t\t\t\t\t<\/div>\n\t\t\t\t<\/div>\n\t\t\t\t\t<\/div>\n\t\t<\/div>\n\t\t\t\t\t<\/div>\n\t\t<\/section>\n\t\t\t\t\t<\/div>\n\t\t<\/div>\n\t\t\t\t\t<\/div>\n\t\t<\/section>\n\t\t\t\t<section class=\"elementor-section elementor-top-section elementor-element elementor-element-f873186 elementor-section-content-middle elementor-section-boxed elementor-section-height-default elementor-section-height-default\" data-id=\"f873186\" data-element_type=\"section\" data-e-type=\"section\" data-settings=\"{&quot;background_background&quot;:&quot;gradient&quot;}\">\n\t\t\t\t\t\t<div class=\"elementor-container elementor-column-gap-no\">\n\t\t\t\t\t<div class=\"elementor-column elementor-col-100 elementor-top-column elementor-element elementor-element-1e8e919\" data-id=\"1e8e919\" data-element_type=\"column\" data-e-type=\"column\">\n\t\t\t<div class=\"elementor-widget-wrap elementor-element-populated\">\n\t\t\t\t\t\t<div class=\"elementor-element elementor-element-ab8b0d8 elementor-widget elementor-widget-spacer\" data-id=\"ab8b0d8\" data-element_type=\"widget\" data-e-type=\"widget\" data-widget_type=\"spacer.default\">\n\t\t\t\t<div class=\"elementor-widget-container\">\n\t\t\t\t\t\t\t<div class=\"elementor-spacer\">\n\t\t\t<div class=\"elementor-spacer-inner\"><\/div>\n\t\t<\/div>\n\t\t\t\t\t\t<\/div>\n\t\t\t\t<\/div>\n\t\t\t\t<div class=\"elementor-element elementor-element-da54622 elementor-widget-divider--separator-type-pattern elementor-widget-divider--view-line elementor-widget elementor-widget-divider\" data-id=\"da54622\" data-element_type=\"widget\" data-e-type=\"widget\" data-widget_type=\"divider.default\">\n\t\t\t\t<div class=\"elementor-widget-container\">\n\t\t\t\t\t\t\t<div class=\"elementor-divider\" style=\"--divider-pattern-url: url(&quot;data:image\/svg+xml,%3Csvg xmlns=&#039;http:\/\/www.w3.org\/2000\/svg&#039; preserveAspectRatio=&#039;none&#039; overflow=&#039;visible&#039; height=&#039;100%&#039; viewBox=&#039;0 0 24 24&#039; fill=&#039;black&#039; stroke=&#039;none&#039;%3E%3Cpolygon points=&#039;9.4,2 24,2 14.6,21.6 0,21.6&#039;\/%3E%3C\/svg%3E&quot;);\">\n\t\t\t<span class=\"elementor-divider-separator\">\n\t\t\t\t\t\t<\/span>\n\t\t<\/div>\n\t\t\t\t\t\t<\/div>\n\t\t\t\t<\/div>\n\t\t\t\t<div class=\"elementor-element elementor-element-622e286 elementor-widget elementor-widget-heading\" data-id=\"622e286\" data-element_type=\"widget\" data-e-type=\"widget\" data-widget_type=\"heading.default\">\n\t\t\t\t<div class=\"elementor-widget-container\">\n\t\t\t\t\t<h5 class=\"elementor-heading-title elementor-size-default\">\u82f1\u8a9e\u306f\u6d41\u66a2\u306b\u8a71\u305b\u308b\u3051\u308c\u3069\u3001\u6559\u3048\u305f\u7d4c\u9a13\u304c\u306a\u3044\u3068\u3044\u3046\u65b9\u3001\u305d\u306e\u30b9\u30ad\u30eb\u3092\u6d3b\u304b\u3057\u3066\u6559\u5e2b\u306b\u306a\u3063\u3066\u307f\u307e\u305b\u3093\u304b\uff1f<\/h5>\t\t\t\t<\/div>\n\t\t\t\t<\/div>\n\t\t\t\t<div class=\"elementor-element elementor-element-cf39eb3 elementor-widget elementor-widget-text-editor\" data-id=\"cf39eb3\" data-element_type=\"widget\" data-e-type=\"widget\" data-widget_type=\"text-editor.default\">\n\t\t\t\t<div class=\"elementor-widget-container\">\n\t\t\t\t\t\t\t\t\t<h6>\u5f53\u6821\u306e\u751f\u5f92\u306f\u3001\u30b3\u30fc\u30b9\u306e\u6210\u7e3e\u3068\u305d\u306e\u6642\u306e\u7a7a\u5e2d\u72b6\u6cc1\u306b\u5fdc\u3058\u3066\u3001\u30e9\u30a4\u30d6\u30ec\u30c3\u30b9\u30f3\u306e\u8b1b\u5e2b\u306b\u306a\u308b\u3053\u3068\u3082\u3067\u304d\u307e\u3059\u3002<\/h6>\n<div><\/div>\n<div>\n<h4>\u305c\u3072\u304a\u8a66\u3057\u304f\u3060\u3055\u3044\u3002<\/h4>\n<ul>\n \t<li>\u512a\u79c0\u306a\u6559\u5e2b\u9663\uff08\u30d6\u30e9\u30b8\u30eb\u4eba\u3001\u65e5\u672c\u4eba\uff09\u306b\u3088\u308b\u30e9\u30a4\u30d6\u6388\u696d\uff1b<\/li>\n \t<li>\u751f\u5f92\u4e00\u4eba\u3072\u3068\u308a\u306e\u30cb\u30fc\u30ba\u306b\u5408\u308f\u305b\u305f\u500b\u5225\u6307\u5c0e\uff1b<\/li>\n \t<li>\u77ed\u671f\u9593\u3067\u7d50\u679c\u3092\u51fa\u3059\u52b9\u7387\u7684\u306a\u65b9\u6cd5\u8ad6\uff1b<\/li>\n \t<li>\u30de\u30f3\u30c4\u30fc\u30de\u30f3\u30ec\u30c3\u30b9\u30f3\uff1a\u5931\u6557\u3084\u8cea\u554f\u3092\u6050\u308c\u306a\u3044\u3067\u304f\u3060\u3055\u3044\uff1b<\/li>\n \t<li>\u30ec\u30c3\u30b9\u30f3\u6642\u9593\u3092\u304a\u9078\u3073\u3044\u305f\u3060\u3051\u307e\u3059\u3002\u6570\u56de\u30af\u30ea\u30c3\u30af\u3059\u308b\u3060\u3051\u3067\u3059\uff1b<\/li>\n \t<li>\u6388\u696d\u306f\u5348\u524d\u3001\u5348\u5f8c\u3001\u591c\u9593\uff08\u795d\u65e5\u3092\u542b\u3080\uff09\uff1b<\/li>\n \t<li>\u30ec\u30c3\u30b9\u30f3\u306e\u66dc\u65e5\u3068\u6642\u9593\u306f\u751f\u5f92\u304c\u9078\u3073\u307e\u3059\uff1b<\/li>\n \t<li>\u512a\u79c0\u306a\u6559\u5e2b\u3002<\/li>\n<\/ul>\n\u3060\u304b\u3089\u5bfe\u9762\u5f0f\u306a\u3093\u3067\u3059\u3002\n\n&nbsp;\n\n\n<h4><span style=\"text-decoration: underline;\"><strong>\u6982\u8981<\/strong><\/span><\/h4>\n\n\u3053\u306e\u30b3\u30fc\u30b9\u306f\u3001\u5916\u56fd\u8a9e\u3068\u3057\u3066\u306e\u82f1\u8a9e\u6559\u6388\u6cd5\u3092\u6559\u3048\u308b\u3053\u3068\u306e\u307f\u3092\u76ee\u7684\u3068\u3057\u3066\u3044\u307e\u3059\u3002\u3053\u306e\u30b3\u30fc\u30b9\u306f\u3001\u5916\u56fd\u8a9e\u3068\u3057\u3066\u306e\u82f1\u8a9e\u3092\u6559\u3048\u308b\u65b9\u6cd5\u8ad6\u3092\u6559\u3048\u308b\u3053\u3068\u3092\u76ee\u7684\u3068\u3057\u3066\u3044\u307e\u3059\u3002\n\n<span style=\"font-size: 15px; background-color: transparent;\">\u3053\u306e\u30b3\u30fc\u30b9\u3067\u306f\u30c6\u30af\u30cb\u30c3\u30af\u3092\u5b66\u3073\u307e\u3059\u3001\u00a0<\/span><span style=\"font-size: 15px; font-style: normal; font-weight: 400; background-color: transparent;\">\u6559\u6388\u6cd5\u3068\u65b9\u6cd5\u8ad6<\/span><span style=\"font-size: 15px; background-color: transparent;\">\u00a0\u82f1\u8a9e\u3092\u6bcd\u56fd\u8a9e\u3068\u3057\u306a\u3044\u4eba\u3078\u306e\u82f1\u8a9e\u306e\u6559\u3048\u65b9\u3001\u30aa\u30f3\u30e9\u30a4\u30f3\u30c4\u30fc\u30eb\u3092\u4f7f\u3063\u305f\u30a4\u30f3\u30bf\u30fc\u30cd\u30c3\u30c8\u3067\u306e\u6559\u3048\u65b9\u3002\u00a0<\/span>\n\n\u3053\u308c\u306f\u5b8c\u5168\u306b\u5b9f\u8df5\u7684\u306a\u6388\u696d\u3067\u3001\u3042\u308b\u6388\u696d\u3067\u306f\u6559\u3048\u65b9\u3092\u5b66\u3073\u3001\u4ed6\u306e\u6388\u696d\u3067\u306f\u300c\u5148\u751f\u300d\u3068\u3057\u3066\u632f\u308b\u821e\u3044\u307e\u3059\u3002\u3064\u307e\u308a\u3001\u3042\u308b\u30af\u30e9\u30b9\u3067\u306f\u751f\u5f92\u5f79\u3001\u5225\u306e\u30af\u30e9\u30b9\u3067\u306f\u5148\u751f\u5f79\u3067\u3059\u3002\n\n\u3053\u3046\u3059\u308b\u3053\u3068\u3067\u3001\u30c6\u30af\u30cb\u30c3\u30af\u3092\u5b66\u3076\u3060\u3051\u3067\u306a\u304f\u3001\u6559\u5ba4\u3067\u5411\u304d\u5408\u3046\u305f\u3081\u306b\u5fc5\u8981\u306a\u7d4c\u9a13\u3092\u7a4d\u307f\u3001\u3055\u307e\u3056\u307e\u306a\u6559\u6388\u6cd5\u3084\u751f\u5f92\u306e\u30bf\u30a4\u30d7\u3001\u5b66\u7fd2\u65b9\u6cd5\u3092\u77e5\u308b\u3053\u3068\u304c\u3067\u304d\u307e\u3059\u3002\n\n<strong style=\"font-size: 15px; background-color: transparent;\">\u6700\u4f4e\u6761\u4ef6 <\/strong><span style=\"font-size: 15px; background-color: transparent;\">\u4e0a\u7d1a\u30ec\u30d9\u30eb\u306e\u6d41\u66a2\u306a\u82f1\u8a9e\u529b<\/span>\n\n<strong>\u53d7\u8b1b\u671f\u9593<\/strong> \u751f\u5f92\u306e\u30da\u30fc\u30b9\u306b\u5408\u308f\u305b\u305f\u500b\u4eba\u30ec\u30c3\u30b9\u30f3\u306a\u306e\u3067\u3001\u6708\u306b\u53d7\u3051\u308b\u30ec\u30c3\u30b9\u30f3\u6570\u3084\u30ec\u30c3\u30b9\u30f3\u3067\u306e\u6210\u7e3e\u306b\u3088\u3063\u3066\u7570\u306a\u308a\u307e\u3059\u3002\n\n\u6ce8\uff1a\u751f\u5f92\u306e\u6210\u7e3e\u3084\u30ec\u30c3\u30b9\u30f3\u56de\u6570\u306b\u3088\u3063\u3066\u306f\u3001\u53d7\u8b1b\u671f\u9593\u304c\u77ed\u304f\u306a\u308b\u3053\u3068\u3082\u3042\u308a\u307e\u3059\u3002\n\n\u30ec\u30c3\u30b9\u30f3\u6642\u9593 = 55\u5206\n\n<\/div>\t\t\t\t\t\t\t\t<\/div>\n\t\t\t\t<\/div>\n\t\t\t\t\t<\/div>\n\t\t<\/div>\n\t\t\t\t\t<\/div>\n\t\t<\/section>\n\t\t\t\t<section class=\"elementor-section elementor-top-section elementor-element elementor-element-0f4075c elementor-section-boxed elementor-section-height-default elementor-section-height-default\" data-id=\"0f4075c\" data-element_type=\"section\" data-e-type=\"section\">\n\t\t\t\t\t\t<div class=\"elementor-container elementor-column-gap-default\">\n\t\t\t\t\t<div class=\"elementor-column elementor-col-100 elementor-top-column elementor-element elementor-element-687d5d9\" data-id=\"687d5d9\" data-element_type=\"column\" data-e-type=\"column\">\n\t\t\t<div class=\"elementor-widget-wrap elementor-element-populated\">\n\t\t\t\t\t\t<section class=\"elementor-section elementor-inner-section elementor-element elementor-element-691bb49 elementor-section-boxed elementor-section-height-default elementor-section-height-default\" data-id=\"691bb49\" data-element_type=\"section\" data-e-type=\"section\" data-settings=\"{&quot;background_background&quot;:&quot;classic&quot;}\">\n\t\t\t\t\t\t\t<div class=\"elementor-background-overlay\"><\/div>\n\t\t\t\t\t\t\t<div class=\"elementor-container elementor-column-gap-default\">\n\t\t\t\t\t<div class=\"elementor-column elementor-col-50 elementor-inner-column elementor-element elementor-element-eedab59\" data-id=\"eedab59\" data-element_type=\"column\" data-e-type=\"column\" data-settings=\"{&quot;background_background&quot;:&quot;classic&quot;}\">\n\t\t\t<div class=\"elementor-widget-wrap elementor-element-populated\">\n\t\t\t\t\t\t<div class=\"elementor-element elementor-element-20d2894 elementor-align-center elementor-mobile-align-left elementor-tablet-align-left elementor-widget elementor-widget-button\" data-id=\"20d2894\" data-element_type=\"widget\" data-e-type=\"widget\" data-widget_type=\"button.default\">\n\t\t\t\t<div class=\"elementor-widget-container\">\n\t\t\t\t\t\t\t\t\t<div class=\"elementor-button-wrapper\">\n\t\t\t\t\t<a class=\"elementor-button elementor-button-link elementor-size-sm\" href=\"\/ja\/aula-experimental\/\">\n\t\t\t\t\t\t<span class=\"elementor-button-content-wrapper\">\n\t\t\t\t\t\t\t\t\t<span class=\"elementor-button-text\">\u5b9f\u9a13<\/span>\n\t\t\t\t\t<\/span>\n\t\t\t\t\t<\/a>\n\t\t\t\t<\/div>\n\t\t\t\t\t\t\t\t<\/div>\n\t\t\t\t<\/div>\n\t\t\t\t<div class=\"elementor-element elementor-element-2dc431c elementor-widget elementor-widget-shortcode\" data-id=\"2dc431c\" data-element_type=\"widget\" data-e-type=\"widget\" data-widget_type=\"shortcode.default\">\n\t\t\t\t<div class=\"elementor-widget-container\">\n\t\t\t\t\t\t\t<div class=\"elementor-shortcode\">Que tal fazer uma aula experimental por apenas \u00a5 1,000 ienes\u00a0( aprox. U$ 6 d\u00f3lares).\u00a0<\/div>\n\t\t\t\t\t\t<\/div>\n\t\t\t\t<\/div>\n\t\t\t\t\t<\/div>\n\t\t<\/div>\n\t\t\t\t<div class=\"elementor-column elementor-col-50 elementor-inner-column elementor-element elementor-element-e6885bd\" data-id=\"e6885bd\" data-element_type=\"column\" data-e-type=\"column\">\n\t\t\t<div class=\"elementor-widget-wrap elementor-element-populated\">\n\t\t\t\t\t\t<div class=\"elementor-element elementor-element-b3c968f elementor-widget elementor-widget-heading\" data-id=\"b3c968f\" data-element_type=\"widget\" data-e-type=\"widget\" data-widget_type=\"heading.default\">\n\t\t\t\t<div class=\"elementor-widget-container\">\n\t\t\t\t\t<h6 class=\"elementor-heading-title elementor-size-default\"><a href=\"\/ja\/matricula\/\">\u304a\u8a66\u3057\u306a\u3057\u3067\u3054\u5165\u4f1a\u3055\u308c\u305f\u5834\u5408\u3001\u30ec\u30c3\u30b9\u30f32\u56de\u5206\u304c\u7121\u6599\u306b\u306a\u308a\u307e\u3059\u3002<\/a><\/h6>\t\t\t\t<\/div>\n\t\t\t\t<\/div>\n\t\t\t\t<div class=\"elementor-element elementor-element-16175c8 elementor-align-center elementor-mobile-align-left elementor-tablet-align-left elementor-widget elementor-widget-button\" data-id=\"16175c8\" data-element_type=\"widget\" data-e-type=\"widget\" data-widget_type=\"button.default\">\n\t\t\t\t<div class=\"elementor-widget-container\">\n\t\t\t\t\t\t\t\t\t<div class=\"elementor-button-wrapper\">\n\t\t\t\t\t<a class=\"elementor-button elementor-button-link elementor-size-sm\" href=\"\/ja\/matricula\/\">\n\t\t\t\t\t\t<span class=\"elementor-button-content-wrapper\">\n\t\t\t\t\t\t\t\t\t<span class=\"elementor-button-text\">\u767b\u9332\u3057\u305f\u3044<\/span>\n\t\t\t\t\t<\/span>\n\t\t\t\t\t<\/a>\n\t\t\t\t<\/div>\n\t\t\t\t\t\t\t\t<\/div>\n\t\t\t\t<\/div>\n\t\t\t\t\t<\/div>\n\t\t<\/div>\n\t\t\t\t\t<\/div>\n\t\t<\/section>\n\t\t\t\t\t<\/div>\n\t\t<\/div>\n\t\t\t\t\t<\/div>\n\t\t<\/section>\n\t\t\t\t<\/div>","protected":false},"excerpt":{"rendered":"<p>Curso de Forma\u00e7\u00e3o de Professor de Ingl\u00eas Curso Online de Forma\u00e7\u00e3o de Professor de Ingl\u00eas Experimentar Que tal fazer uma aula experimental por apenas \u00a5 1,000 ienes\u00a0( aprox. U$ d\u00f3lares).\u00a0 Ganhe 2 aulas brinde ao se matricular sem experimentar Quero me matricular Se voc\u00ea j\u00e1 \u00e9 fluente em Ingl\u00eas mas n\u00e3o tem experi\u00eancia em ensinar, que tal usar suas habilidades se tornando um(a) professor(a)? Nossos alunos tamb\u00e9m podem virar professores da Live Lessons, dependendo do desempenho no curso e da disponibilidade de vagas no momento. Experimente e veja a diferen\u00e7a Aulas ao vivo, com professores altamente qualificados (Brasileiros e Japoneses); Ensino personalizado de acordo com a necessidade de cada aluno; &hellip;<\/p>\n<p class=\"read-more\"> <a class=\"\" href=\"https:\/\/live-lesson.co.jp\/ja\/curso-professor-ingles\/\"> <span class=\"screen-reader-text\">\u82f1\u8a9e\u6559\u5e2b\u990a\u6210\u30b3\u30fc\u30b9<\/span> \u3082\u3063\u3068\u8aad\u3080 &raquo;<\/a><\/p>","protected":false},"author":1,"featured_media":0,"parent":0,"menu_order":0,"comment_status":"closed","ping_status":"closed","template":"","meta":{"site-sidebar-layout":"no-sidebar","site-content-layout":"page-builder","ast-global-header-display":"","ast-main-header-display":"","ast-hfb-above-header-display":"","ast-hfb-below-header-display":"","ast-hfb-mobile-header-display":"","site-post-title":"disabled","ast-breadcrumbs-content":"disabled","ast-featured-img":"disabled","footer-sml-layout":"","theme-transparent-header-meta":"enabled","adv-header-id-meta":"","stick-header-meta":"","header-above-stick-meta":"","header-main-stick-meta":"","header-below-stick-meta":"","footnotes":""},"class_list":["post-1089","page","type-page","status-publish","hentry"],"_links":{"self":[{"href":"https:\/\/live-lesson.co.jp\/ja\/wp-json\/wp\/v2\/pages\/1089","targetHints":{"allow":["GET"]}}],"collection":[{"href":"https:\/\/live-lesson.co.jp\/ja\/wp-json\/wp\/v2\/pages"}],"about":[{"href":"https:\/\/live-lesson.co.jp\/ja\/wp-json\/wp\/v2\/types\/page"}],"author":[{"embeddable":true,"href":"https:\/\/live-lesson.co.jp\/ja\/wp-json\/wp\/v2\/users\/1"}],"replies":[{"embeddable":true,"href":"https:\/\/live-lesson.co.jp\/ja\/wp-json\/wp\/v2\/comments?post=1089"}],"version-history":[{"count":16,"href":"https:\/\/live-lesson.co.jp\/ja\/wp-json\/wp\/v2\/pages\/1089\/revisions"}],"predecessor-version":[{"id":1983,"href":"https:\/\/live-lesson.co.jp\/ja\/wp-json\/wp\/v2\/pages\/1089\/revisions\/1983"}],"wp:attachment":[{"href":"https:\/\/live-lesson.co.jp\/ja\/wp-json\/wp\/v2\/media?parent=1089"}],"curies":[{"name":"wp","href":"https:\/\/api.w.org\/{rel}","templated":true}]}}