{"id":1108,"date":"2020-12-14T20:32:39","date_gmt":"2020-12-14T11:32:39","guid":{"rendered":"https:\/\/live-lesson.co.jp\/?page_id=1108"},"modified":"2022-09-04T22:21:09","modified_gmt":"2022-09-04T13:21:09","slug":"curso-de-portugues-online","status":"publish","type":"page","link":"https:\/\/live-lesson.co.jp\/ja\/curso-de-portugues-online\/","title":{"rendered":"\u30aa\u30f3\u30e9\u30a4\u30f3\u30fb\u30dd\u30eb\u30c8\u30ac\u30eb\u8a9e\u30b3\u30fc\u30b9"},"content":{"rendered":"<div data-elementor-type=\"wp-page\" data-elementor-id=\"1108\" class=\"elementor elementor-1108\">\n\t\t\t\t\t\t<section class=\"elementor-section elementor-top-section elementor-element elementor-element-6ff2ff7 elementor-section-boxed elementor-section-height-default elementor-section-height-default\" data-id=\"6ff2ff7\" data-element_type=\"section\" data-e-type=\"section\" data-settings=\"{&quot;background_background&quot;:&quot;classic&quot;}\">\n\t\t\t\t\t\t\t<div class=\"elementor-background-overlay\"><\/div>\n\t\t\t\t\t\t\t<div class=\"elementor-container elementor-column-gap-no\">\n\t\t\t\t\t<div class=\"elementor-column elementor-col-100 elementor-top-column elementor-element elementor-element-f7ad1cb\" data-id=\"f7ad1cb\" data-element_type=\"column\" data-e-type=\"column\">\n\t\t\t<div class=\"elementor-widget-wrap elementor-element-populated\">\n\t\t\t\t\t\t<div class=\"elementor-element elementor-element-bee4950 elementor-widget elementor-widget-heading\" data-id=\"bee4950\" data-element_type=\"widget\" data-e-type=\"widget\" data-widget_type=\"heading.default\">\n\t\t\t\t<div class=\"elementor-widget-container\">\n\t\t\t\t\t<h3 class=\"elementor-heading-title elementor-size-default\">\u30dd\u30eb\u30c8\u30ac\u30eb\u8a9e\u30aa\u30f3\u30e9\u30a4\u30f3\u30b3\u30fc\u30b9<\/h3>\t\t\t\t<\/div>\n\t\t\t\t<\/div>\n\t\t\t\t\t<\/div>\n\t\t<\/div>\n\t\t\t\t\t<\/div>\n\t\t<\/section>\n\t\t\t\t<section class=\"elementor-section elementor-top-section elementor-element elementor-element-740b4a2 elementor-section-boxed elementor-section-height-default elementor-section-height-default\" data-id=\"740b4a2\" data-element_type=\"section\" data-e-type=\"section\" data-settings=\"{&quot;background_background&quot;:&quot;slideshow&quot;,&quot;background_slideshow_gallery&quot;:[],&quot;background_slideshow_loop&quot;:&quot;yes&quot;,&quot;background_slideshow_slide_duration&quot;:5000,&quot;background_slideshow_slide_transition&quot;:&quot;fade&quot;,&quot;background_slideshow_transition_duration&quot;:500}\">\n\t\t\t\t\t\t<div class=\"elementor-container elementor-column-gap-default\">\n\t\t\t\t\t<div class=\"elementor-column elementor-col-100 elementor-top-column elementor-element elementor-element-b70e6f3\" data-id=\"b70e6f3\" data-element_type=\"column\" data-e-type=\"column\">\n\t\t\t<div class=\"elementor-widget-wrap elementor-element-populated\">\n\t\t\t\t\t\t<div class=\"elementor-element elementor-element-91b74ea elementor-widget elementor-widget-heading\" data-id=\"91b74ea\" data-element_type=\"widget\" data-e-type=\"widget\" data-widget_type=\"heading.default\">\n\t\t\t\t<div class=\"elementor-widget-container\">\n\t\t\t\t\t<h4 class=\"elementor-heading-title elementor-size-default\">\u975e\u30cd\u30a4\u30c6\u30a3\u30d6\u306e\u305f\u3081\u306e\u30aa\u30f3\u30e9\u30a4\u30f3\u30dd\u30eb\u30c8\u30ac\u30eb\u8a9e\u30b3\u30fc\u30b9 - \u500b\u5225\u30e9\u30a4\u30d6\u6307\u5c0e\u3002\u82f1\u8a9e\u307e\u305f\u306f\u65e5\u672c\u8a9e\u3092\u6bcd\u56fd\u8a9e\u3068\u3059\u308b\u65b9\u306b\u30dd\u30eb\u30c8\u30ac\u30eb\u8a9e\u3092\u6559\u3048\u308b\u3053\u3068\u304c\u3067\u304d\u307e\u3059\u3002<br><\/h4>\t\t\t\t<\/div>\n\t\t\t\t<\/div>\n\t\t\t\t\t<\/div>\n\t\t<\/div>\n\t\t\t\t\t<\/div>\n\t\t<\/section>\n\t\t\t\t<section class=\"elementor-section elementor-top-section elementor-element elementor-element-f0e14f3 elementor-section-boxed elementor-section-height-default elementor-section-height-default\" data-id=\"f0e14f3\" data-element_type=\"section\" data-e-type=\"section\">\n\t\t\t\t\t\t<div class=\"elementor-container elementor-column-gap-default\">\n\t\t\t\t\t<div class=\"elementor-column elementor-col-100 elementor-top-column elementor-element elementor-element-5577ec7\" data-id=\"5577ec7\" data-element_type=\"column\" data-e-type=\"column\">\n\t\t\t<div class=\"elementor-widget-wrap elementor-element-populated\">\n\t\t\t\t\t\t<section class=\"elementor-section elementor-inner-section elementor-element elementor-element-8319f2a elementor-section-boxed elementor-section-height-default elementor-section-height-default\" data-id=\"8319f2a\" data-element_type=\"section\" data-e-type=\"section\" data-settings=\"{&quot;background_background&quot;:&quot;classic&quot;}\">\n\t\t\t\t\t\t\t<div class=\"elementor-background-overlay\"><\/div>\n\t\t\t\t\t\t\t<div class=\"elementor-container elementor-column-gap-default\">\n\t\t\t\t\t<div class=\"elementor-column elementor-col-50 elementor-inner-column elementor-element elementor-element-2bea785\" data-id=\"2bea785\" data-element_type=\"column\" data-e-type=\"column\" data-settings=\"{&quot;background_background&quot;:&quot;classic&quot;}\">\n\t\t\t<div class=\"elementor-widget-wrap elementor-element-populated\">\n\t\t\t\t\t\t<div class=\"elementor-element elementor-element-24db4d1 elementor-align-center elementor-mobile-align-left elementor-tablet-align-left elementor-widget elementor-widget-button\" data-id=\"24db4d1\" data-element_type=\"widget\" data-e-type=\"widget\" data-widget_type=\"button.default\">\n\t\t\t\t<div class=\"elementor-widget-container\">\n\t\t\t\t\t\t\t\t\t<div class=\"elementor-button-wrapper\">\n\t\t\t\t\t<a class=\"elementor-button elementor-button-link elementor-size-sm\" href=\"\/ja\/aula-experimental\/\">\n\t\t\t\t\t\t<span class=\"elementor-button-content-wrapper\">\n\t\t\t\t\t\t\t\t\t<span class=\"elementor-button-text\">\u5b9f\u9a13<\/span>\n\t\t\t\t\t<\/span>\n\t\t\t\t\t<\/a>\n\t\t\t\t<\/div>\n\t\t\t\t\t\t\t\t<\/div>\n\t\t\t\t<\/div>\n\t\t\t\t<div class=\"elementor-element elementor-element-f7a22bf elementor-widget elementor-widget-shortcode\" data-id=\"f7a22bf\" data-element_type=\"widget\" data-e-type=\"widget\" data-widget_type=\"shortcode.default\">\n\t\t\t\t<div class=\"elementor-widget-container\">\n\t\t\t\t\t\t\t<div class=\"elementor-shortcode\">Que tal fazer uma aula experimental por apenas \u00a5 1,000 ienes\u00a0( aprox. U$ 6 d\u00f3lares).\u00a0<\/div>\n\t\t\t\t\t\t<\/div>\n\t\t\t\t<\/div>\n\t\t\t\t\t<\/div>\n\t\t<\/div>\n\t\t\t\t<div class=\"elementor-column elementor-col-50 elementor-inner-column elementor-element elementor-element-87215aa\" data-id=\"87215aa\" data-element_type=\"column\" data-e-type=\"column\">\n\t\t\t<div class=\"elementor-widget-wrap elementor-element-populated\">\n\t\t\t\t\t\t<div class=\"elementor-element elementor-element-0e97a0f elementor-widget elementor-widget-heading\" data-id=\"0e97a0f\" data-element_type=\"widget\" data-e-type=\"widget\" data-widget_type=\"heading.default\">\n\t\t\t\t<div class=\"elementor-widget-container\">\n\t\t\t\t\t<h6 class=\"elementor-heading-title elementor-size-default\"><a href=\"\/ja\/matricula\/\">\u304a\u8a66\u3057\u306a\u3057\u3067\u3054\u5165\u4f1a\u3055\u308c\u305f\u5834\u5408\u3001\u30ec\u30c3\u30b9\u30f32\u56de\u5206\u304c\u7121\u6599\u306b\u306a\u308a\u307e\u3059\u3002<\/a><\/h6>\t\t\t\t<\/div>\n\t\t\t\t<\/div>\n\t\t\t\t<div class=\"elementor-element elementor-element-4e82958 elementor-align-center elementor-mobile-align-left elementor-tablet-align-left elementor-widget elementor-widget-button\" data-id=\"4e82958\" data-element_type=\"widget\" data-e-type=\"widget\" data-widget_type=\"button.default\">\n\t\t\t\t<div class=\"elementor-widget-container\">\n\t\t\t\t\t\t\t\t\t<div class=\"elementor-button-wrapper\">\n\t\t\t\t\t<a class=\"elementor-button elementor-button-link elementor-size-sm\" href=\"\/ja\/matricula\/\">\n\t\t\t\t\t\t<span class=\"elementor-button-content-wrapper\">\n\t\t\t\t\t\t\t\t\t<span class=\"elementor-button-text\">\u767b\u9332\u3057\u305f\u3044<\/span>\n\t\t\t\t\t<\/span>\n\t\t\t\t\t<\/a>\n\t\t\t\t<\/div>\n\t\t\t\t\t\t\t\t<\/div>\n\t\t\t\t<\/div>\n\t\t\t\t\t<\/div>\n\t\t<\/div>\n\t\t\t\t\t<\/div>\n\t\t<\/section>\n\t\t\t\t\t<\/div>\n\t\t<\/div>\n\t\t\t\t\t<\/div>\n\t\t<\/section>\n\t\t\t\t<section class=\"elementor-section elementor-top-section elementor-element elementor-element-1ed0aaa elementor-section-boxed elementor-section-height-default elementor-section-height-default\" data-id=\"1ed0aaa\" data-element_type=\"section\" data-e-type=\"section\">\n\t\t\t\t\t\t<div class=\"elementor-container elementor-column-gap-default\">\n\t\t\t\t\t<div class=\"elementor-column elementor-col-100 elementor-top-column elementor-element elementor-element-f0d7761\" data-id=\"f0d7761\" data-element_type=\"column\" data-e-type=\"column\">\n\t\t\t<div class=\"elementor-widget-wrap elementor-element-populated\">\n\t\t\t\t\t\t<div class=\"elementor-element elementor-element-ece9884 elementor-widget elementor-widget-text-editor\" data-id=\"ece9884\" data-element_type=\"widget\" data-e-type=\"widget\" data-widget_type=\"text-editor.default\">\n\t\t\t\t<div class=\"elementor-widget-container\">\n\t\t\t\t\t\t\t\t\t<h5><span style=\"color: #ff0000;\">\u30d1\u30fc\u30bd\u30ca\u30e9\u30a4\u30ba\u3055\u308c\u305f\u30ec\u30c3\u30b9\u30f3\u306e\u629c\u7c8b\u306f\u4ee5\u4e0b\u306e\u30b9\u30e9\u30a4\u30c9\u3092\u3054\u89a7\u304f\u3060\u3055\u3044\u3002\u00a0<\/span><\/h5>\t\t\t\t\t\t\t\t<\/div>\n\t\t\t\t<\/div>\n\t\t\t\t\t<\/div>\n\t\t<\/div>\n\t\t\t\t\t<\/div>\n\t\t<\/section>\n\t\t\t\t<section class=\"elementor-section elementor-top-section elementor-element elementor-element-f873186 elementor-section-content-middle elementor-section-boxed elementor-section-height-default elementor-section-height-default\" data-id=\"f873186\" data-element_type=\"section\" data-e-type=\"section\" data-settings=\"{&quot;background_background&quot;:&quot;gradient&quot;}\">\n\t\t\t\t\t\t<div class=\"elementor-container elementor-column-gap-no\">\n\t\t\t\t\t<div class=\"elementor-column elementor-col-100 elementor-top-column elementor-element elementor-element-1e8e919\" data-id=\"1e8e919\" data-element_type=\"column\" data-e-type=\"column\">\n\t\t\t<div class=\"elementor-widget-wrap elementor-element-populated\">\n\t\t\t\t\t\t<div class=\"elementor-element elementor-element-da54622 elementor-widget-divider--separator-type-pattern elementor-widget-divider--view-line elementor-widget elementor-widget-divider\" data-id=\"da54622\" data-element_type=\"widget\" data-e-type=\"widget\" data-widget_type=\"divider.default\">\n\t\t\t\t<div class=\"elementor-widget-container\">\n\t\t\t\t\t\t\t<div class=\"elementor-divider\" style=\"--divider-pattern-url: url(&quot;data:image\/svg+xml,%3Csvg xmlns=&#039;http:\/\/www.w3.org\/2000\/svg&#039; preserveAspectRatio=&#039;none&#039; overflow=&#039;visible&#039; height=&#039;100%&#039; viewBox=&#039;0 0 24 24&#039; fill=&#039;black&#039; stroke=&#039;none&#039;%3E%3Cpolygon points=&#039;9.4,2 24,2 14.6,21.6 0,21.6&#039;\/%3E%3C\/svg%3E&quot;);\">\n\t\t\t<span class=\"elementor-divider-separator\">\n\t\t\t\t\t\t<\/span>\n\t\t<\/div>\n\t\t\t\t\t\t<\/div>\n\t\t\t\t<\/div>\n\t\t\t\t<div class=\"elementor-element elementor-element-cf39eb3 elementor-widget elementor-widget-text-editor\" data-id=\"cf39eb3\" data-element_type=\"widget\" data-e-type=\"widget\" data-widget_type=\"text-editor.default\">\n\t\t\t\t<div class=\"elementor-widget-container\">\n\t\t\t\t\t\t\t\t\t<h2>\u82f1\u8a9e\u307e\u305f\u306f\u65e5\u672c\u8a9e\u3092\u6bcd\u56fd\u8a9e\u3068\u3059\u308b\u65b9\u306e\u305f\u3081\u306e\u30dd\u30eb\u30c8\u30ac\u30eb\u8a9e\u30b3\u30fc\u30b9\u3001\u30aa\u30f3\u30e9\u30a4\u30f3<\/h2>\n<div>\n<h3>\u305c\u3072\u304a\u8a66\u3057\u304f\u3060\u3055\u3044\u3002<\/h3>\n<ul>\n<li>\u512a\u79c0\u306a\u6559\u5e2b\u9663\uff08\u82f1\u8a9e\u3068\u65e5\u672c\u8a9e\u3092\u8a71\u3059\u30d6\u30e9\u30b8\u30eb\u4eba\uff09\u306b\u3088\u308b\u30e9\u30a4\u30d6\u6388\u696d\uff1b<\/li>\n<li>\u751f\u5f92\u4e00\u4eba\u3072\u3068\u308a\u306e\u30cb\u30fc\u30ba\u306b\u5408\u308f\u305b\u305f\u500b\u5225\u6307\u5c0e\uff1b<\/li>\n<li>\u77ed\u671f\u9593\u3067\u7d50\u679c\u3092\u51fa\u3059\u52b9\u7387\u7684\u306a\u65b9\u6cd5\u8ad6\uff1b<\/li>\n<li>\u30de\u30f3\u30c4\u30fc\u30de\u30f3\u30ec\u30c3\u30b9\u30f3\uff1a\u4ed6\u306e\u751f\u5f92\u306e\u524d\u3067\u9593\u9055\u3048\u305f\u308a\u3001\u8cea\u554f\u3057\u305f\u308a\u3059\u308b\u3053\u3068\u3092\u6050\u308c\u306a\u3044\u3067\u304f\u3060\u3055\u3044\uff1b<\/li>\n<li>\u30ec\u30c3\u30b9\u30f3\u6642\u9593\u3092\u304a\u9078\u3073\u3044\u305f\u3060\u3051\u307e\u3059\u3002\u6570\u56de\u30af\u30ea\u30c3\u30af\u3059\u308b\u3060\u3051\u3067\u3059\uff1b<\/li>\n<li>\u6388\u696d\u306f\u5348\u524d\u3001\u5348\u5f8c\u3001\u591c\u9593\uff08\u795d\u65e5\u3092\u542b\u3080\uff09\uff1b<\/li>\n<li>\u30ec\u30c3\u30b9\u30f3\u306e\u66dc\u65e5\u3068\u6642\u9593\u306f\u751f\u5f92\u304c\u9078\u3073\u307e\u3059\u3002\u4f8b\u3048\u3070\u3001\u3042\u308b\u9031\u306f\u5348\u524d\u4e2d\u3001\u6b21\u306e\u9031\u306f\u5915\u65b9\u306a\u3069\uff09\uff1b<\/li>\n<\/ul>\n<p>\u3060\u304b\u3089\u5bfe\u9762\u5f0f\u306a\u3093\u3067\u3059\u3002<\/p>\n<p style=\"font-variant-numeric: inherit; font-variant-east-asian: inherit; font-stretch: inherit; line-height: 24px; font-family: Lato, sans-serif; font-size: 16px; font-style: normal; font-weight: 400; margin-bottom: 15px; color: #666666;\">\n<\/p><p style=\"box-sizing: border-box; border: 0px; font-size: 15px; font-style: normal; font-weight: 400; margin: 0px 0px 0.5em; outline: 0px; padding: 0px; vertical-align: baseline; color: #22323d; font-family: 'Open Sans', sans-serif; font-variant-ligatures: normal; font-variant-caps: normal; letter-spacing: normal; orphans: 2; text-align: start; text-indent: 0px; text-transform: none; white-space: normal; widows: 2; word-spacing: 0px; -webkit-text-stroke-width: 0px; background-color: #ffffff; text-decoration-thickness: initial; text-decoration-style: initial; text-decoration-color: initial;\">\n<\/p><h3 style=\"box-sizing: border-box; border: 0px; font-size: 2.46667rem; font-style: normal; font-weight: 600; margin: 0px 0px 20px; outline: 0px; padding: 0px; vertical-align: baseline; clear: both; color: #000000; line-height: 1.2; font-family: Poppins, sans-serif; font-variant-ligatures: normal; font-variant-caps: normal; letter-spacing: normal; orphans: 2; text-align: start; text-indent: 0px; text-transform: none; white-space: normal; widows: 2; word-spacing: 0px; -webkit-text-stroke-width: 0px; background-color: #ffffff; text-decoration-thickness: initial; text-decoration-style: initial; text-decoration-color: initial;\"><u style=\"box-sizing: border-box; text-decoration: underline;\"><span style=\"box-sizing: border-box; border: 0px; font-size: 37px; font-style: inherit; font-weight: bold; margin: 0px; outline: 0px; padding: 0px; vertical-align: baseline;\">\u6982\u8981<\/span><\/u><\/h3>\n<ul>\n<li style=\"font-variant-numeric: inherit; font-variant-east-asian: inherit; font-stretch: inherit; line-height: 24px;\"><span style=\"color: #666666; font-family: Lato, sans-serif;\"><span style=\"font-size: 16px;\">\u5168\u30ec\u30d9\u30eb\uff1a\u521d\u7d1a\u304b\u3089\u4e0a\u7d1a\u307e\u3067<\/span><\/span><\/li>\n<li style=\"font-variant-numeric: inherit; font-variant-east-asian: inherit; font-stretch: inherit; line-height: 24px;\">\u65c5\u884c\u3067\u4f7f\u3046\u30dd\u30eb\u30c8\u30ac\u30eb\u8a9e<\/li>\n<li style=\"font-variant-numeric: inherit; font-variant-east-asian: inherit; font-stretch: inherit; line-height: 24px;\">\u30d3\u30b8\u30cd\u30b9\u30dd\u30eb\u30c8\u30ac\u30eb\u8a9e<\/li>\n<li style=\"font-variant-numeric: inherit; font-variant-east-asian: inherit; font-stretch: inherit; line-height: 24px;\">\u7ffb\u8a33\u8005\u30fb\u901a\u8a33\u8005\u306e\u305f\u3081\u306e\u5c02\u9580\u30b3\u30fc\u30b9\u3002<\/li>\n<\/ul>\n<p style=\"font-variant-numeric: inherit; font-variant-east-asian: inherit; font-stretch: inherit; line-height: 24px; font-family: Lato, sans-serif; font-size: 16px; font-style: normal; font-weight: 400; margin-bottom: 15px; color: #666666;\">\u6388\u696d\u4e2d\u306b\u30a2\u30bb\u30b9\u30e1\u30f3\u30c8\u3092\u884c\u3044\u3001\u81ea\u5206\u306b\u5408\u3063\u305f\u30b3\u30fc\u30b9\u3092\u898b\u3064\u3051\u307e\u3057\u3087\u3046\u3002<\/p>\n<p style=\"font-variant-numeric: inherit; font-variant-east-asian: inherit; font-stretch: inherit; line-height: 24px; font-family: Lato, sans-serif; font-size: 16px; font-style: normal; font-weight: 400; margin-bottom: 15px; color: #666666;\">&nbsp;<span style=\"font-size: 16px; font-style: normal; font-weight: 400; background-color: transparent;\">&nbsp;<\/span><span style=\"color: #000000; font-family: Poppins, sans-serif; font-size: 15px; font-style: normal; font-weight: bold; white-space: pre-wrap; background-color: transparent;\">\u524d\u63d0\u6761\u4ef6 <\/span><\/p>\n<p style=\"font-variant-numeric: inherit; font-variant-east-asian: inherit; font-stretch: inherit; line-height: 24px; font-family: Lato, sans-serif; font-size: 16px; font-style: normal; font-weight: 400; margin-bottom: 15px; color: #666666;\"><span style=\"color: #000000; font-family: Poppins, sans-serif; font-size: 15px; font-style: normal; white-space: pre-wrap; background-color: transparent;\">\u3053\u306e\u30b3\u30fc\u30b9\u306f\u30dd\u30eb\u30c8\u30ac\u30eb\u8a9e\u3092\u6bcd\u56fd\u8a9e\u3068\u3057\u306a\u3044\u65b9\u3092\u5bfe\u8c61\u3068\u3057\u3066\u3044\u308b\u305f\u3081\u3001\u82f1\u8a9e\u307e\u305f\u306f\u65e5\u672c\u8a9e\u3092\u8a71\u3057\u3001\u7406\u89e3\u3059\u308b\u3053\u3068\u304c\u3067\u304d\u307e\u3059\u3002<\/span><\/p>\n<p style=\"font-variant-numeric: inherit; font-variant-east-asian: inherit; font-stretch: inherit; line-height: 24px; font-family: Lato, sans-serif; font-size: 16px; font-style: normal; font-weight: 400; margin-bottom: 15px; color: #666666;\"><span style=\"color: #000000; font-family: Poppins, sans-serif; font-size: 15px; font-style: normal; font-weight: bold; white-space: pre-wrap; background-color: transparent;\">&nbsp;<\/span><\/p>\n<p style=\"font-variant-numeric: inherit; font-variant-east-asian: inherit; font-stretch: inherit; line-height: 24px; font-family: Lato, sans-serif; font-size: 16px; font-style: normal; font-weight: 400; margin-bottom: 15px; color: #666666;\">\n<\/p><\/div>\t\t\t\t\t\t\t\t<\/div>\n\t\t\t\t<\/div>\n\t\t\t\t<div class=\"elementor-element elementor-element-def8976 elementor-widget elementor-widget-spacer\" data-id=\"def8976\" data-element_type=\"widget\" data-e-type=\"widget\" data-widget_type=\"spacer.default\">\n\t\t\t\t<div class=\"elementor-widget-container\">\n\t\t\t\t\t\t\t<div class=\"elementor-spacer\">\n\t\t\t<div class=\"elementor-spacer-inner\"><\/div>\n\t\t<\/div>\n\t\t\t\t\t\t<\/div>\n\t\t\t\t<\/div>\n\t\t\t\t<div class=\"elementor-element elementor-element-622e286 elementor-widget elementor-widget-heading\" data-id=\"622e286\" data-element_type=\"widget\" data-e-type=\"widget\" data-widget_type=\"heading.default\">\n\t\t\t\t<div class=\"elementor-widget-container\">\n\t\t\t\t\t<h6 class=\"elementor-heading-title elementor-size-default\"><p><strong>\u6700\u4f4e\u6761\u4ef6<\/strong><\/p><p>- \u30af\u30e9\u30c3\u30b7\u30e5\u3059\u308b\u3053\u3068\u306a\u304f\u30aa\u30f3\u30e9\u30a4\u30f3\u3067\u6620\u753b\u3092\u9451\u8cde\u3059\u308b\u306e\u306b\u5341\u5206\u306a\u901f\u5ea6\u306e\u30a4\u30f3\u30bf\u30fc\u30cd\u30c3\u30c8\u63a5\u7d9a<\/p><p>- \u30de\u30a4\u30af\u4ed8\u304d\u30d1\u30bd\u30b3\u30f3\uff08\u30a6\u30a7\u30d6\u30ab\u30e1\u30e9\u63a8\u5968\uff09\u3001\u30bf\u30d6\u30ec\u30c3\u30c8\u307e\u305f\u306f\u30b9\u30de\u30fc\u30c8\u30d5\u30a9\u30f3\uff08\u753b\u9762\u304c\u5927\u304d\u3044\u3082\u306e\uff09<\/p><p>- \u30d8\u30c3\u30c9\u30d5\u30a9\u30f3\uff08\u63a8\u5968\uff09<\/p><\/h6>\t\t\t\t<\/div>\n\t\t\t\t<\/div>\n\t\t\t\t\t<\/div>\n\t\t<\/div>\n\t\t\t\t\t<\/div>\n\t\t<\/section>\n\t\t\t\t<section class=\"elementor-section elementor-top-section elementor-element elementor-element-a3d8dfc elementor-section-boxed elementor-section-height-default elementor-section-height-default\" data-id=\"a3d8dfc\" data-element_type=\"section\" data-e-type=\"section\">\n\t\t\t\t\t\t<div class=\"elementor-container elementor-column-gap-default\">\n\t\t\t\t\t<div class=\"elementor-column elementor-col-100 elementor-top-column elementor-element elementor-element-2321f59\" data-id=\"2321f59\" data-element_type=\"column\" data-e-type=\"column\">\n\t\t\t<div class=\"elementor-widget-wrap elementor-element-populated\">\n\t\t\t\t\t\t<section class=\"elementor-section elementor-inner-section elementor-element elementor-element-6518b92 elementor-section-boxed elementor-section-height-default elementor-section-height-default\" data-id=\"6518b92\" data-element_type=\"section\" data-e-type=\"section\" data-settings=\"{&quot;background_background&quot;:&quot;classic&quot;}\">\n\t\t\t\t\t\t\t<div class=\"elementor-background-overlay\"><\/div>\n\t\t\t\t\t\t\t<div class=\"elementor-container elementor-column-gap-default\">\n\t\t\t\t\t<div class=\"elementor-column elementor-col-50 elementor-inner-column elementor-element elementor-element-f11a228\" data-id=\"f11a228\" data-element_type=\"column\" data-e-type=\"column\" data-settings=\"{&quot;background_background&quot;:&quot;classic&quot;}\">\n\t\t\t<div class=\"elementor-widget-wrap elementor-element-populated\">\n\t\t\t\t\t\t<div class=\"elementor-element elementor-element-4b0707b elementor-align-center elementor-mobile-align-left elementor-tablet-align-left elementor-widget elementor-widget-button\" data-id=\"4b0707b\" data-element_type=\"widget\" data-e-type=\"widget\" data-widget_type=\"button.default\">\n\t\t\t\t<div class=\"elementor-widget-container\">\n\t\t\t\t\t\t\t\t\t<div class=\"elementor-button-wrapper\">\n\t\t\t\t\t<a class=\"elementor-button elementor-button-link elementor-size-sm\" href=\"\/ja\/aula-experimental\/\">\n\t\t\t\t\t\t<span class=\"elementor-button-content-wrapper\">\n\t\t\t\t\t\t\t\t\t<span class=\"elementor-button-text\">\u5b9f\u9a13<\/span>\n\t\t\t\t\t<\/span>\n\t\t\t\t\t<\/a>\n\t\t\t\t<\/div>\n\t\t\t\t\t\t\t\t<\/div>\n\t\t\t\t<\/div>\n\t\t\t\t<div class=\"elementor-element elementor-element-414b59f elementor-widget elementor-widget-shortcode\" data-id=\"414b59f\" data-element_type=\"widget\" data-e-type=\"widget\" data-widget_type=\"shortcode.default\">\n\t\t\t\t<div class=\"elementor-widget-container\">\n\t\t\t\t\t\t\t<div class=\"elementor-shortcode\">Que tal fazer uma aula experimental por apenas \u00a5 1,000 ienes\u00a0( aprox. U$ 6 d\u00f3lares).\u00a0<\/div>\n\t\t\t\t\t\t<\/div>\n\t\t\t\t<\/div>\n\t\t\t\t\t<\/div>\n\t\t<\/div>\n\t\t\t\t<div class=\"elementor-column elementor-col-50 elementor-inner-column elementor-element elementor-element-0e01d80\" data-id=\"0e01d80\" data-element_type=\"column\" data-e-type=\"column\">\n\t\t\t<div class=\"elementor-widget-wrap elementor-element-populated\">\n\t\t\t\t\t\t<div class=\"elementor-element elementor-element-a8e1e9c elementor-widget elementor-widget-heading\" data-id=\"a8e1e9c\" data-element_type=\"widget\" data-e-type=\"widget\" data-widget_type=\"heading.default\">\n\t\t\t\t<div class=\"elementor-widget-container\">\n\t\t\t\t\t<h6 class=\"elementor-heading-title elementor-size-default\"><a href=\"\/ja\/matricula\/\">\u304a\u8a66\u3057\u306a\u3057\u3067\u3054\u5165\u4f1a\u3055\u308c\u305f\u5834\u5408\u3001\u30ec\u30c3\u30b9\u30f32\u56de\u5206\u304c\u7121\u6599\u306b\u306a\u308a\u307e\u3059\u3002<\/a><\/h6>\t\t\t\t<\/div>\n\t\t\t\t<\/div>\n\t\t\t\t<div class=\"elementor-element elementor-element-bc9a743 elementor-align-center elementor-mobile-align-left elementor-tablet-align-left elementor-widget elementor-widget-button\" data-id=\"bc9a743\" data-element_type=\"widget\" data-e-type=\"widget\" data-widget_type=\"button.default\">\n\t\t\t\t<div class=\"elementor-widget-container\">\n\t\t\t\t\t\t\t\t\t<div class=\"elementor-button-wrapper\">\n\t\t\t\t\t<a class=\"elementor-button elementor-button-link elementor-size-sm\" href=\"\/ja\/matricula\/\">\n\t\t\t\t\t\t<span class=\"elementor-button-content-wrapper\">\n\t\t\t\t\t\t\t\t\t<span class=\"elementor-button-text\">\u767b\u9332\u3057\u305f\u3044<\/span>\n\t\t\t\t\t<\/span>\n\t\t\t\t\t<\/a>\n\t\t\t\t<\/div>\n\t\t\t\t\t\t\t\t<\/div>\n\t\t\t\t<\/div>\n\t\t\t\t\t<\/div>\n\t\t<\/div>\n\t\t\t\t\t<\/div>\n\t\t<\/section>\n\t\t\t\t\t<\/div>\n\t\t<\/div>\n\t\t\t\t\t<\/div>\n\t\t<\/section>\n\t\t\t\t<\/div>","protected":false},"excerpt":{"rendered":"<p>Curso Online de Portugu\u00eas para n\u00e3o nativos Curso Online de Portugu\u00eas para n\u00e3o nativos &#8211; Aula particular ao vivo personalizada. Professores tril\u00edngues capacitados e experientes, prontos para ensinar Portugu\u00eas para falantes de Ingl\u00eas ou Japon\u00eas . Experimentar Que tal fazer uma aula experimental por apenas \u00a5 1,000 ienes\u00a0( aprox. U$ d\u00f3lares).\u00a0 Ganhe 2 aulas brinde ao se matricular sem experimentar Quero me matricular Veja no slide abaixo trechos de algumas aulas personalizadas.\u00a0 Curso de Portugu\u00eas para falantes de Ingl\u00eas ou Japon\u00eas, pela Internet Experimente e veja a diferen\u00e7a Aulas ao vivo, com professores altamente qualificados (Brasileiros que falam ingl\u00eas e japon\u00eas); Ensino personalizado de acordo com a necessidade de cada &hellip;<\/p>\n<p class=\"read-more\"> <a class=\"\" href=\"https:\/\/live-lesson.co.jp\/ja\/curso-de-portugues-online\/\"> <span class=\"screen-reader-text\">\u30aa\u30f3\u30e9\u30a4\u30f3\u30fb\u30dd\u30eb\u30c8\u30ac\u30eb\u8a9e\u30b3\u30fc\u30b9<\/span> \u3082\u3063\u3068\u8aad\u3080 &raquo;<\/a><\/p>","protected":false},"author":1,"featured_media":0,"parent":0,"menu_order":0,"comment_status":"closed","ping_status":"closed","template":"","meta":{"site-sidebar-layout":"no-sidebar","site-content-layout":"page-builder","ast-global-header-display":"","ast-main-header-display":"","ast-hfb-above-header-display":"","ast-hfb-below-header-display":"","ast-hfb-mobile-header-display":"","site-post-title":"disabled","ast-breadcrumbs-content":"disabled","ast-featured-img":"disabled","footer-sml-layout":"","theme-transparent-header-meta":"enabled","adv-header-id-meta":"","stick-header-meta":"","header-above-stick-meta":"","header-main-stick-meta":"","header-below-stick-meta":"","footnotes":""},"class_list":["post-1108","page","type-page","status-publish","hentry"],"_links":{"self":[{"href":"https:\/\/live-lesson.co.jp\/ja\/wp-json\/wp\/v2\/pages\/1108","targetHints":{"allow":["GET"]}}],"collection":[{"href":"https:\/\/live-lesson.co.jp\/ja\/wp-json\/wp\/v2\/pages"}],"about":[{"href":"https:\/\/live-lesson.co.jp\/ja\/wp-json\/wp\/v2\/types\/page"}],"author":[{"embeddable":true,"href":"https:\/\/live-lesson.co.jp\/ja\/wp-json\/wp\/v2\/users\/1"}],"replies":[{"embeddable":true,"href":"https:\/\/live-lesson.co.jp\/ja\/wp-json\/wp\/v2\/comments?post=1108"}],"version-history":[{"count":19,"href":"https:\/\/live-lesson.co.jp\/ja\/wp-json\/wp\/v2\/pages\/1108\/revisions"}],"predecessor-version":[{"id":2049,"href":"https:\/\/live-lesson.co.jp\/ja\/wp-json\/wp\/v2\/pages\/1108\/revisions\/2049"}],"wp:attachment":[{"href":"https:\/\/live-lesson.co.jp\/ja\/wp-json\/wp\/v2\/media?parent=1108"}],"curies":[{"name":"wp","href":"https:\/\/api.w.org\/{rel}","templated":true}]}}