{"id":1612,"date":"2021-01-03T16:27:56","date_gmt":"2021-01-03T07:27:56","guid":{"rendered":"https:\/\/live-lesson.co.jp\/?page_id=1612"},"modified":"2022-02-27T18:53:39","modified_gmt":"2022-02-27T09:53:39","slug":"trabalhe-conosco","status":"publish","type":"page","link":"https:\/\/live-lesson.co.jp\/ja\/trabalhe-conosco\/","title":{"rendered":"Trabalhe Conosco"},"content":{"rendered":"<div data-elementor-type=\"wp-page\" data-elementor-id=\"1612\" class=\"elementor elementor-1612\">\n\t\t\t\t\t\t<section class=\"elementor-section elementor-top-section elementor-element elementor-element-7875fb6 elementor-section-boxed elementor-section-height-default elementor-section-height-default\" data-id=\"7875fb6\" data-element_type=\"section\" data-e-type=\"section\" data-settings=\"{&quot;background_background&quot;:&quot;classic&quot;}\">\n\t\t\t\t\t\t\t<div class=\"elementor-background-overlay\"><\/div>\n\t\t\t\t\t\t\t<div class=\"elementor-container elementor-column-gap-no\">\n\t\t\t\t\t<div class=\"elementor-column elementor-col-100 elementor-top-column elementor-element elementor-element-2347df7\" data-id=\"2347df7\" data-element_type=\"column\" data-e-type=\"column\">\n\t\t\t<div class=\"elementor-widget-wrap elementor-element-populated\">\n\t\t\t\t\t\t<div class=\"elementor-element elementor-element-6d4b69e elementor-widget elementor-widget-heading\" data-id=\"6d4b69e\" data-element_type=\"widget\" data-e-type=\"widget\" data-widget_type=\"heading.default\">\n\t\t\t\t<div class=\"elementor-widget-container\">\n\t\t\t\t\t<h2 class=\"elementor-heading-title elementor-size-default\">Trabalhe Conosco<\/h2>\t\t\t\t<\/div>\n\t\t\t\t<\/div>\n\t\t\t\t\t<\/div>\n\t\t<\/div>\n\t\t\t\t\t<\/div>\n\t\t<\/section>\n\t\t\t\t<section class=\"elementor-section elementor-top-section elementor-element elementor-element-a7fb121 elementor-section-content-middle elementor-section-boxed elementor-section-height-default elementor-section-height-default\" data-id=\"a7fb121\" data-element_type=\"section\" data-e-type=\"section\">\n\t\t\t\t\t\t<div class=\"elementor-container elementor-column-gap-no\">\n\t\t\t\t\t<div class=\"elementor-column elementor-col-50 elementor-top-column elementor-element elementor-element-4f5897e\" data-id=\"4f5897e\" data-element_type=\"column\" data-e-type=\"column\">\n\t\t\t<div class=\"elementor-widget-wrap elementor-element-populated\">\n\t\t\t\t\t\t<div class=\"elementor-element elementor-element-0b95b30 elementor-widget elementor-widget-heading\" data-id=\"0b95b30\" data-element_type=\"widget\" data-e-type=\"widget\" data-widget_type=\"heading.default\">\n\t\t\t\t<div class=\"elementor-widget-container\">\n\t\t\t\t\t<h2 class=\"elementor-heading-title elementor-size-default\">Trabalhe conosco<\/h2>\t\t\t\t<\/div>\n\t\t\t\t<\/div>\n\t\t\t\t<div class=\"elementor-element elementor-element-fcebb89 elementor-widget-divider--separator-type-pattern elementor-widget-divider--view-line elementor-widget elementor-widget-divider\" data-id=\"fcebb89\" data-element_type=\"widget\" data-e-type=\"widget\" data-widget_type=\"divider.default\">\n\t\t\t\t<div class=\"elementor-widget-container\">\n\t\t\t\t\t\t\t<div class=\"elementor-divider\" style=\"--divider-pattern-url: url(&quot;data:image\/svg+xml,%3Csvg xmlns=&#039;http:\/\/www.w3.org\/2000\/svg&#039; preserveAspectRatio=&#039;none&#039; overflow=&#039;visible&#039; height=&#039;100%&#039; viewBox=&#039;0 0 24 24&#039; fill=&#039;black&#039; stroke=&#039;none&#039;%3E%3Cpolygon points=&#039;9.4,2 24,2 14.6,21.6 0,21.6&#039;\/%3E%3C\/svg%3E&quot;);\">\n\t\t\t<span class=\"elementor-divider-separator\">\n\t\t\t\t\t\t<\/span>\n\t\t<\/div>\n\t\t\t\t\t\t<\/div>\n\t\t\t\t<\/div>\n\t\t\t\t<div class=\"elementor-element elementor-element-576e6cc elementor-widget elementor-widget-text-editor\" data-id=\"576e6cc\" data-element_type=\"widget\" data-e-type=\"widget\" data-widget_type=\"text-editor.default\">\n\t\t\t\t<div class=\"elementor-widget-container\">\n\t\t\t\t\t\t\t\t\t<p>\u30e1\u30c3\u30bb\u30fc\u30b8\u3092\u6b8b\u3057\u3066\u3044\u305f\u3060\u3051\u308c\u3070\u300124\u6642\u9593\u4ee5\u5185\u306b\u3054\u8fd4\u4fe1\u3044\u305f\u3057\u307e\u3059\u3002<\/p>\t\t\t\t\t\t\t\t<\/div>\n\t\t\t\t<\/div>\n\t\t\t\t<div class=\"elementor-element elementor-element-d123b6d elementor-widget elementor-widget-text-editor\" data-id=\"d123b6d\" data-element_type=\"widget\" data-e-type=\"widget\" data-widget_type=\"text-editor.default\">\n\t\t\t\t<div class=\"elementor-widget-container\">\n\t\t\t\t\t\t\t\t\t<p>Que tal lecionar Ingl\u00eas, Japon\u00eas e\/ou Portugu\u00eas pela Internet&nbsp; em seu tempo livre?<\/p>\n<p><span style=\"text-decoration: underline;\"><strong>Vantagens:&nbsp;<\/strong><\/span><\/p>\n<p>&#8211; O professor decide o seu pr\u00f3prio hor\u00e1rio de trabalho. Flexibilidade Total;<\/p>\n<p>&#8211; Pagamento baseado em hora\/aula nos padr\u00f5es do mercado japon\u00eas;<\/p>\n<p>&#8211; O professor recebe em seu pa\u00eds em sua moeda local;<\/p>\n<p>&#8211; Possibilidade de dar aulas em qualquer per\u00edodo (manh\u00e3, tarde, noite e madrugada) pois podemos ter alunos no mundo inteiro.<\/p>\n<p><strong><span style=\"text-decoration: underline;\">Requisitos:<\/span><\/strong><\/p>\n<p>&#8211; Flu\u00eancia no idioma a ser lecionado;<\/p>\n<p>&#8211; Falar Portugu\u00eas;<\/p>\n<p>&#8211; Se o candidato for fluente mas n\u00e3o tiver experi\u00eancia no ensino, temos o curso de forma\u00e7\u00e3o de professores (curso pago);<\/p>\n<p>&#8211; Computador com Webcam e Microfone;<\/p>\n<p>&#8211; Internet Banda Larga Fixa (n\u00e3o m\u00f3vel nem 3G);<\/p>\n<p>&#8211; Velocidade preferencial acima 5 Mbps<br>(vari\u00e1vel de acordo com cada pa\u00eds e provedor de acesso. Podemos testar para ver a compatibilidade do candidato selecionado);<\/p>\n<p><span style=\"text-decoration: underline;\"><strong>Instru\u00e7\u00f5es:<\/strong><\/span><\/p>\n<p>Preencha o formul\u00e1rio ao lado e anexe o seu curr\u00edculo.<\/p>\n<p>Os candidatos selecionados ser\u00e3o contatados para agendar uma entrevista on line, aproveitando para verificar se os equipamentos do candidato s\u00e3o compat\u00edveis com nosso sistema.<\/p>\n<p>N\u00e3o damos informa\u00e7\u00f5es sobre sal\u00e1rio via telefone ou e-mail.<\/p>\t\t\t\t\t\t\t\t<\/div>\n\t\t\t\t<\/div>\n\t\t\t\t\t<\/div>\n\t\t<\/div>\n\t\t\t\t<div class=\"elementor-column elementor-col-50 elementor-top-column elementor-element elementor-element-be5cd2a\" data-id=\"be5cd2a\" data-element_type=\"column\" data-e-type=\"column\" data-settings=\"{&quot;background_background&quot;:&quot;classic&quot;}\">\n\t\t\t<div class=\"elementor-widget-wrap elementor-element-populated\">\n\t\t\t\t\t\t<div class=\"elementor-element elementor-element-c81f525 elementor-widget elementor-widget-shortcode\" data-id=\"c81f525\" data-element_type=\"widget\" data-e-type=\"widget\" data-widget_type=\"shortcode.default\">\n\t\t\t\t<div class=\"elementor-widget-container\">\n\t\t\t\t\t\t\t<div class=\"elementor-shortcode\"><style type=\"text\/css\">#nex-forms{display:none;}<\/style><div id=\"nf_form_14749\">\r\n\t\t\t\r\n\t\t\t<style type=\"text\/css\">\r\n\t\t\t\r\n\t\t\t\t#nex-forms.trabalhe_conosco .nf-loader-lds-spinner div:after {background: #40C4FF; }\r\n\t\t\t\t#nex-forms.trabalhe_conosco .nf-loader-lds-grid div {background: #40C4FF; }\r\n\t\t\t\t#nex-forms.trabalhe_conosco .nf-loader-lds-ellipsis div { background: #40C4FF;}\r\n\t\t\t\t#nex-forms.trabalhe_conosco .nf-loader-lds-default div {background: #40C4FF;}\r\n\t\t\t\t#nex-forms.trabalhe_conosco .nf-loader-lds-roller div:after {background: #40C4FF;}\r\n\t\t\t\t#nex-forms.trabalhe_conosco .nf-loader-lds-heart div,\r\n\t\t\t\t#nex-forms.trabalhe_conosco .nf-loader-lds-heart div:after,\r\n\t\t\t\t#nex-forms.trabalhe_conosco .nf-loader-lds-heart div:before {background: #40C4FF;}\r\n\t\r\n\t\t\t\t\r\n\t\t\t\t#nex-forms.trabalhe_conosco .nf-loader-lds-facebook div {background: #40C4FF;}\r\n\t\t\t\t#nex-forms.trabalhe_conosco .nf-loader-lds-circle > div {background: #40C4FF;}\r\n\t\t\t\t\r\n\t\t\t\t#nex-forms.trabalhe_conosco .nf-loader-lds-dual-ring:after {border: 6px solid #40C4FF;border-color: #40C4FF transparent #40C4FF transparent;}\r\n\t\t\t\t#nex-forms.trabalhe_conosco .nf-loader-lds-ring div {border: 8px solid #40C4FF;border-color: #40C4FF transparent transparent transparent;}\r\n\t\t\t\t#nex-forms.trabalhe_conosco .nf-loader-lds-hourglass:after {border: 32px solid #40C4FF;border-color: #40C4FF transparent #40C4FF transparent;}\r\n\t\t\t\t#nex-forms.trabalhe_conosco .nf-loader-lds-ripple div {border: 4px solid #40C4FF;}\r\n\t\t\t<\/style>\r\n\t\t\t\r\n\t\t\t\r\n\t\t\t<div id=\"nex-forms\" data-loader=\"ellipsis\" data-msg-hide-form=\"yes\" data-msg-position=\"top\" data-msg-placement=\"outside\"  class=\"nex-forms trabalhe_conosco\"><div class=\"pre_fill_fields\"><\/div><div class=\"set_form_theme theme-default\"><div class=\"nex_success_message msg_top msgv2 animated hidden\" style=\"display:none;\"><div class=\"nex_success_message_container\" style=\"background: #fff; box-shadow: rgba(0, 0, 0, 0.2) 0px 7px 16px 0px; border-radius: 4px; padding: 30px; border-color:#ddd;\"><div class=\"msg_text\"><div class=\"form_field all_fields icon html_fields wow bounceInUp\" data-settings=\".s-icon\" data-settings-tabs=\"#input-settings, #animation-settings\" style=\"margin-bottom: 15px;\" id=\"_21501\" data-animation-name=\"bounceInUp\">\n\t\t\t\t\t\t\t  <div class=\"edit_mask\"><\/div>\n\t\t\t\t\t\t\t  \n\t\t\t\t\t\t\t\t<div class=\"icon_container_wrapper icon_center\">\n\t\t\t\t\t\t\t\t  <div class=\"icon_container\" id=\"field_container\" style=\"border-width: 0px; background-color: transparent;\">\n\t\t\t\t\t\t\t\t\t<div class=\"\">\n\t\t\t\t\t\t\t\t\t  <div class=\"input_container\">\n\t\t\t\t\t\t\t\t\t\t<div class=\"the_input_element icon_element\" style=\"font-size: 50px; color: rgb(139, 195, 74);\"><span class=\"fas fa-check-circle\"><\/span><\/div>\n\t\t\t\t\t\t\t\t\t  <\/div>\n\t\t\t\t\t\t\t\t\t<\/div>\n\t\t\t\t\t\t\t\t  <\/div>\n\t\t\t\t\t\t\t\t  \n\t\t\t\t\t\t\t\t<\/div>\n\t\t\t\t\t\t\t  \n\t\t\t\t\t\t\t<\/div>\n\t\t\t\t\t\t\t<div class=\"form_field all_fields html html_fields wow fadeInDown\" data-settings=\".s-html\" data-settings-tabs=\"#input-settings, #animation-settings, #extra-settings, #math-settings\" style=\"margin-bottom: 15px;\" data-animation-name=\"fadeInDown\" data-wow-delay=\"0.5s\">\n\t\t\t\t\t\t\t  <div class=\"edit_mask\"><\/div>\n\t\t\t\t\t\t\t  \n\t\t\t\t\t\t\t\t<div class=\"row\">\n\t\t\t\t\t\t\t\t  <div class=\"col-sm-12\" id=\"field_container\">\n\t\t\t\t\t\t\t\t\t<div class=\"row\">\n\t\t\t\t\t\t\t\t\t  <div class=\"col-sm-12 input_container\">\n\t\t\t\t\t\t\t\t\t\t<div class=\"the_input_element align_center\" data-math-equation=\"\" data-original-math-equation=\"\" data-decimal-places=\"0\">\u3054\u9023\u7d61\u3042\u308a\u304c\u3068\u3046\u3054\u3056\u3044\u307e\u3059\u3002\u3059\u3050\u306b\u3054\u8fd4\u4fe1\u3044\u305f\u3057\u307e\u3059\u3002<\/div>\n\t\t\t\t\t\t\t\t\t\t<div style=\"clear:both;\"><\/div>\n\t\t\t\t\t\t\t\t\t  <\/div>\n\t\t\t\t\t\t\t\t\t<\/div>\n\t\t\t\t\t\t\t\t  <\/div>\n\t\t\t\t\t\t\t\t  \n\t\t\t\t\t\t\t\t<\/div>\n\t\t\t\t\t\t\t  \n\t\t\t\t\t\t\t<\/div><\/div><\/div><\/div><div data-timer-start=\"1\" data-timer-end=\"0\" class=\"inner-canvas-container ui-nex-forms-container ui-nex-forms-container-fe  browser\" id=\"ui-nex-forms-container-13\"  ><div class=\"current_step\" style=\"display:none;\">1<\/div><div class=\"last_visited_step\" style=\"display:none;\">1<\/div><div class=\"nex-forms-header-footer nex-forms-header timer_inline timer_right\"><\/div><div id=\"the_plugin_url\" style=\"display:none;\">https:\/\/live-lesson.co.jp\/wp-content\/plugins\/nex-forms<\/div><div id=\"nf_save_form_progress\" style=\"display:none;\">\u7121\u5b9f<\/div><div id=\"confirmation_page\" class=\"confirmation_page\" style=\"display:none;\">\/formulario-enviado-com-sucesso<\/div><div id=\"on_form_submmision\" class=\"on_form_submmision\" style=\"display:none;\">\u30ea\u30c0\u30a4\u30ec\u30af\u30c8<\/div><div class=\"hidden\" id=\"nf_ajax_url\" style=\"display:none;\">https:\/\/live-lesson.co.jp\/wp-admin\/admin-ajax.php<\/div><div class=\"hidden\" id=\"paypal_return_url\" style=\"display:none;\">https:\/\/live-lesson.co.jp\/ja\/wp-json\/wp\/v2\/pages\/1612<\/div><div class=\"hidden\" id=\"ms_scroll_to_top\" style=\"display:none;\">\u306f\u3044<\/div><div class=\"v7_container form_type_normal\" style=\"padding: 20px; background: rgb(228, 195, 107); box-shadow: rgba(0, 0, 0, 0.6) 0px 7px 16px 0px; border-color: rgb(228, 195, 107); width: 90%;\"><div class=\"current_field_on_focus\" style=\"display:none\">1<\/div><form id=\"13\" class=\"submit-nex-form nex-forms-13\" data-form-id=\"13\" name=\"nex_form\" action=\"https:\/\/live-lesson.co.jp\/wp-admin\/admin-ajax.php\" method=\"post\" enctype=\"multipart\/form-data\"><div class=\"step_transition_in\" style=\"display:none;\">\u30d5\u30a7\u30fc\u30c9\u30a4\u30f3<\/div><div class=\"step_transition_out\" style=\"display:none;\">\u30d5\u30a7\u30fc\u30c9\u30a2\u30a6\u30c8<\/div><input type=\"hidden\" name=\"nex_forms_Id\" value=\"13\"><input type=\"hidden\" name=\"page\" value=\"\/ja\/wp-json\/wp\/v2\/pages\/1612\"><input type=\"hidden\" name=\"ip\" value=\"216.73.217.111\"><input type=\"hidden\" name=\"nf_page_id\" value=\"1612\"><input type=\"hidden\" name=\"nf_page_title\" value=\"Trabalhe Conosco\"><input type=\"text\" name=\"company_url\" value=\"\" placeholder=\"\u4f1a\u793e\u306eURL\u3092\u5165\u529b\" class=\"form-control req\">\n\t\t\t\t\t\t\t<div class=\"form_field hidden classic_field\" style=\"\" data-id=\"_40280\" id=\"_40280\">\n\t\t\t\t\t\t\t\t<input class=\"ms_current_step\" value=\"1\" name=\"ms_current_step\" type=\"hidden\" wtx-context=\"9658BC52-8197-459C-8025-64E0A1E82237\">\n\t\t\t\t\t\t\t<\/div>\n\t\t\t\t\t\t\t<div class=\"form_field all_fields name preset_fields required classic_field\" style=\"position: relative; top: 0px; left: 0px; margin-bottom: 5px;\" data-settings-tabs=\"#label-settings, #input-settings, #validation-settings, #animation-settings, #extra-settings\" data-settings=\".s-text, .s-v-text\" data-id=\"_84990\" id=\"_84990\"><div class=\"row\"><div class=\"col-sm-12\" id=\"field_container\"><div class=\"row\"><div class=\"label_container align_let align_left col-sm-12\"><label class=\"nf_title\"><span class=\"the_label style_bold\" style=\"font-size: 14px; color: rgb(0, 0, 0);\">*Seu Nome:<\/span><\/label><\/div><div class=\"col-sm-12  input_container\"><div class=\"input-group-bd\"><span class=\"prefix input-group-addon-bd\"><span class=\"fas fa-user\" style=\"font-size: 22px;\"><\/span><\/span><input name=\"seu_nome\" class=\"error_message required the_input_element aling_left default-browser-style\" data-onfocus-color=\"rgb(221, 221, 221)\" data-drop-focus-swadow=\"1\" data-placement=\"bottom\" data-content=\"Required\" title=\"\" data-secondary-message=\"\" data-original-brd-color=\"rgb(221, 221, 221)\" type=\"text\" style=\"font-size: 13px;\" placeholder=\"\" value=\"\" data-value=\"\" wtx-context=\"F9C0A82A-E1F0-4CAC-8B1A-376A416D4F66\"><\/div><\/div><\/div><\/div><\/div><\/div><div class=\"form_field all_fields email email preset_fields required classic_field\" style=\"position: relative; top: 0px; left: 0px; margin-bottom: 15px;\" data-settings-tabs=\"#label-settings, #input-settings, #validation-settings, #animation-settings, #extra-settings\" data-settings=\".s-text, .s-v-text\" data-id=\"_44433\" id=\"_44433\"><div class=\"row\"><div class=\"col-sm-12\" id=\"field_container\"><div class=\"row\"><div class=\"label_container align_let align_left col-sm-12\"><label class=\"nf_title\"><span class=\"the_label style_bold\" style=\"font-size: 14px; color: rgb(0, 0, 0);\">*Seu E-mail:<\/span><\/label><\/div><div class=\"col-sm-12  input_container\"><div class=\"input-group-bd\"><span class=\"prefix input-group-addon-bd\"><span class=\"fas fa-envelope\" style=\"font-size: 22px;\"><\/span><\/span><input name=\"seu_e-mail\" class=\"error_message required email the_input_element aling_left default-browser-style\" data-onfocus-color=\"rgb(221, 221, 221)\" data-drop-focus-swadow=\"1\" data-placement=\"bottom\" data-content=\"Required\" title=\"\" data-secondary-message=\"Invalid email address\" data-original-brd-color=\"rgb(221, 221, 221)\" type=\"text\" style=\"font-size: 13px;\" wtx-context=\"F85A69F4-0C68-47AA-8BBA-0220BDA1C97A\"><\/div><\/div><\/div><\/div><\/div><\/div><div class=\"form_field all_fields phone_number phone_number preset_fields required classic_field\" data-settings=\".s-text,s-phone, .s-v-text\" data-settings-tabs=\"#label-settings, #input-settings, #validation-settings, #animation-settings, #extra-settings\" style=\"margin-bottom: 15px; position: relative; top: 0px;\" id=\"_99669\"><div class=\"row\"><div class=\"col-sm-12\" id=\"field_container\"><div class=\"row\"><div class=\"col-sm-12 label_container align_let align_left\"><label class=\"nf_title\"><span class=\"the_label style_bold\" style=\"font-size: 14px; color: rgb(0, 0, 0);\">*\u96fb\u8a71<\/span><\/label><\/div><div class=\"col-sm-12  input_container\"><div class=\"input-group-bd\"><span class=\"prefix input-group-addon-bd\" style=\"color: rgb(136, 136, 136); background: white; border-color: rgb(221, 221, 221);\"><span class=\"fa fa fa-phone\" style=\"font-size: 22px;\"><\/span><\/span><input type=\"text\" name=\"telefone\" class=\"error_message required phone_number the_input_element aling_left align_left default-browser-style\" data-onfocus-color=\"#66AFE9\" data-drop-focus-swadow=\"1\" data-placement=\"bottom\" data-content=\"Required\" title=\"\" data-secondary-message=\"Invalid phone number\" style=\"font-size: 13px; color: rgb(158, 158, 158); background: white; border-color: rgb(221, 221, 221);\" wtx-context=\"2773783B-A83A-42BA-98D4-3CA739A4EC73\"><\/div><\/div><\/div><\/div><\/div><\/div><div class=\"form_field all_fields upload-single upload_fields classic_field\" data-settings=\".s-upload-file, .s-text\" data-settings-tabs=\"#label-settings, #input-settings, #validation-settings, #animation-settings, #extra-settings\" style=\"margin-bottom: 15px; position: relative; top: 0px;\" id=\"_52542\"><div class=\"row\"><div class=\"col-sm-12\" id=\"field_container\"><div class=\"row\"><div class=\"col-sm-12 label_container align_let align_left\"><label class=\"nf_title\"><span class=\"the_label style_bold\" style=\"font-size: 14px; color: rgb(0, 0, 0);\">Envie seu curr\u00edculo<\/span><\/label><\/div><div class=\"col-sm-12  input_container\"><div class=\"fileinput fileinput-new\" data-provides=\"fileinput\"><input type=\"hidden\" wtx-context=\"CBF07B20-6F2F-486A-814A-8843E3A838B9\">\n\t\t\t\t\t\t\t\t\t\t\t\t\t\t\t\t\t\t\t  <div class=\"input-group-bd\">\n\t\t\t\t\t\t\t\t\t\t\t\t\t\t\t\t\t\t\t\t<div name=\"envie_seu_curr\u00edculo\" class=\"the_input_element aling_left uneditable-input span3 error_message default-browser-style\" data-content=\"Required\" data-secondary-message=\"Invalid file extension\" data-placement=\"bottom\" data-trigger=\"fileinput\" style=\"background-color: rgb(238, 238, 238);\"><i class=\"fas fa-cloud-upload-alt fileinput-exists\"><\/i> <span class=\"fileinput-filename\"><\/span><\/div>\n\t\t\t\t\t\t\t\t\t\t\t\t\t\t\t\t\t\t\t\t<span class=\"btn-default btn-file postfix input-group-addon-bd\" style=\"color: rgb(136, 136, 136); background: white; border-color: rgb(221, 221, 221);\"><span class=\"fas fa-cloud-upload-alt\" style=\"font-size: 22px;\"><\/span><input type=\"file\" name=\"envie_seu_curr\u00edculo\" class=\"the_input_element align_left default-browser-style\" style=\"font-size: 13px; color: rgb(158, 158, 158); background: rgb(238, 238, 238); border-color: rgb(221, 221, 221);\" wtx-context=\"05AC2136-C9A8-4730-81AE-D8BABCBDA96C\"><\/span>\n\t\t\t\t\t\t\t\t\t\t\t\t\t\t\t\t\t\t\t\t<a href=\"#\" class=\"btn btn-default fileinput-exists input-group-addon-bd\" data-dismiss=\"fileinput\"><span class=\"fa fa-trash-o\"><\/span><\/a>\n\t\t\t\t\t\t\t\t\t\t\t\t\t\t\t\t\t\t\t\t<div class=\"get_file_ext\" style=\"display:none;\">doc\ndocx\nodt\nodp\nods\npdf\nppt\n<\/div>\n\t\t\t\t\t\t\t\t\t\t\t\t\t\t\t\t\t\t\t  <\/div>\n\t\t\t\t\t\t\t\t\t\t\t\t\t\t\t\t\t\t\t<\/div><\/div><\/div><\/div><\/div><\/div><div class=\"form_field all_fields Query preset_fields required classic_field is_focused pill\" style=\"position: relative; top: 0px; left: 0px; margin-bottom: 15px;\" data-settings-tabs=\"#label-settings, #input-settings, #validation-settings, #animation-settings, #extra-settings\" data-settings=\".s-text, .s-v-text\" data-id=\"_24109\" id=\"_24109\"><div class=\"row\"><div class=\"col-sm-12\" id=\"field_container\"><div class=\"row\"><div class=\"label_container align_let align_left col-sm-12\"><label class=\"nf_title\"><span class=\"the_label style_bold\" style=\"font-size: 14px; color: rgb(0, 0, 0);\">*Mensagem<\/span><\/label><\/div><div class=\"col-sm-12  input_container\"><div class=\"input-group-bd\"><span class=\"prefix input-group-addon-bd\" style=\"color: rgb(0, 0, 0);\"><span class=\"fas fa-comment\" style=\"font-size: 22px;\"><\/span><\/span><textarea name=\"mensagem\" placeholder=\"Envie sua mensagem que retornaremos no m\u00e1ximo em at\u00e9 24 horas.\" data-maxlength-color=\"label label-success\" data-maxlength-position=\"bottom\" data-maxlength-show=\"false\" data-default-value=\"\" class=\"error_message required the_input_element textarea pre-format aling_left materialize-textarea default-browser-style align_left\" data-onfocus-color=\"rgb(221, 221, 221)\" data-drop-focus-swadow=\"1\" data-placement=\"bottom\" data-content=\"Required\" title=\"\" data-original-brd-color=\"rgb(221, 221, 221)\" style=\"font-size: 13px; background-color: rgb(255, 255, 255); border-color: black;\" spellcheck=\"false\"><\/textarea><\/div><\/div><\/div><\/div><\/div><\/div><div class=\"form_field all_fields submit-button button_fields common_fields preset_fields special_fields selection_fields classic_field pill wow bounce\" style=\"position: relative; top: 0px; left: 0px; margin-bottom: 0px;\" data-settings-tabs=\"#input-settings, #animation-settings, #extra-settings\" data-settings=\".s-submit\" data-id=\"_64832\" data-animation-name=\"bounce\" id=\"_64832\"><div class=\"row\"><div class=\"col-sm-12\" id=\"field_container\" style=\"padding-top: 0px; padding-bottom: 0px;\"><div class=\"row\"><div class=\"col-sm-12 input_container align_center\"><button class=\"nex-submit svg_ready the_input_element style_bold default-browser-style btn-lg\" style=\"color: rgb(0, 0, 0); background: url(&quot;&quot;) 0% 0% repeat scroll rgb(139, 195, 74); border-color: rgb(96, 125, 139); font-size: 14px; border-width: 2px;\" data-math-equation=\"\" data-original-math-equation=\"\">\u30e1\u30c3\u30bb\u30fc\u30b8\u3092\u9001\u308b<\/button><\/div><\/div><\/div><\/div><\/div>\n\t\t\t\t\t\n\t\t\t\t\t\n\t\t\t\t\t\n\t\t\t\t\t\n\t\t\t\t\t\n\t\t\t\t\t\n\t\t\t\t\t\n\t\t\t\t\t\n\t\t\t\t\t\n\t\t\t\t\t\n\t\t\t\t\t\n\t\t\t\t\t\n\t\t\t\t\t\n\t\t\t\t\t\n\t\t\t\t\t\n\t\t\t\t\t\n\t\t\t\t\t\n\t\t\t\t\t\n\t\t\t\t\t\n\t\t\t\t\t\n\t\t\t\t\t\n\t\t\t\t\t\n\t\t\t\t\t\n\t\t\t\t\t\n\t\t\t\t\t\n\t\t\t\t\t\n\t\t\t\t\t\n\t\t\t\t\t\n\t\t\t\t\t\n\t\t\t\t\t\n\t\t\t\t\t\n\t\t\t\t\t\n\t\t\t\t\t\n\t\t\t\t\t\n\t\t\t\t\t\n\t\t\t\t\t\n\t\t\t\t\t\n\t\t\t\t\t\n\t\t\t\t\t\n\t\t\t\t\t\n\t\t\t\t\t\n\t\t\t\t\t<\/form><\/div><\/div><\/div><\/div><\/div><style type=\"text\/css\" class=\"nex-forms-custom-css\"><\/style><\/div>\n\t\t\t\t\t\t<\/div>\n\t\t\t\t<\/div>\n\t\t\t\t\t<\/div>\n\t\t<\/div>\n\t\t\t\t\t<\/div>\n\t\t<\/section>\n\t\t\t\t<\/div>","protected":false},"excerpt":{"rendered":"<p>Trabalhe Conosco Trabalhe conosco Deixe uma mensagem que retornaremos no m\u00e1ximo em at\u00e9 24 horas. Que tal lecionar Ingl\u00eas, Japon\u00eas e\/ou Portugu\u00eas pela Internet&nbsp; em seu tempo livre? Vantagens:&nbsp; &#8211; O professor decide o seu pr\u00f3prio hor\u00e1rio de trabalho. Flexibilidade Total; &#8211; Pagamento baseado em hora\/aula nos padr\u00f5es do mercado japon\u00eas; &#8211; O professor recebe em seu pa\u00eds em sua moeda local; &#8211; Possibilidade de dar aulas em qualquer per\u00edodo (manh\u00e3, tarde, noite e madrugada) pois podemos ter alunos no mundo inteiro. Requisitos: &#8211; Flu\u00eancia no idioma a ser lecionado; &#8211; Falar Portugu\u00eas; &#8211; Se o candidato for fluente mas n\u00e3o tiver experi\u00eancia no ensino, temos o curso de forma\u00e7\u00e3o &hellip;<\/p>\n<p class=\"read-more\"> <a class=\"\" href=\"https:\/\/live-lesson.co.jp\/ja\/trabalhe-conosco\/\"> <span class=\"screen-reader-text\">Trabalhe Conosco<\/span> \u3082\u3063\u3068\u8aad\u3080 &raquo;<\/a><\/p>","protected":false},"author":1,"featured_media":0,"parent":0,"menu_order":0,"comment_status":"closed","ping_status":"closed","template":"","meta":{"site-sidebar-layout":"no-sidebar","site-content-layout":"page-builder","ast-global-header-display":"","ast-main-header-display":"","ast-hfb-above-header-display":"","ast-hfb-below-header-display":"","ast-hfb-mobile-header-display":"","site-post-title":"disabled","ast-breadcrumbs-content":"disabled","ast-featured-img":"disabled","footer-sml-layout":"","theme-transparent-header-meta":"enabled","adv-header-id-meta":"","stick-header-meta":"","header-above-stick-meta":"","header-main-stick-meta":"","header-below-stick-meta":"","footnotes":""},"class_list":["post-1612","page","type-page","status-publish","hentry"],"_links":{"self":[{"href":"https:\/\/live-lesson.co.jp\/ja\/wp-json\/wp\/v2\/pages\/1612","targetHints":{"allow":["GET"]}}],"collection":[{"href":"https:\/\/live-lesson.co.jp\/ja\/wp-json\/wp\/v2\/pages"}],"about":[{"href":"https:\/\/live-lesson.co.jp\/ja\/wp-json\/wp\/v2\/types\/page"}],"author":[{"embeddable":true,"href":"https:\/\/live-lesson.co.jp\/ja\/wp-json\/wp\/v2\/users\/1"}],"replies":[{"embeddable":true,"href":"https:\/\/live-lesson.co.jp\/ja\/wp-json\/wp\/v2\/comments?post=1612"}],"version-history":[{"count":16,"href":"https:\/\/live-lesson.co.jp\/ja\/wp-json\/wp\/v2\/pages\/1612\/revisions"}],"predecessor-version":[{"id":1995,"href":"https:\/\/live-lesson.co.jp\/ja\/wp-json\/wp\/v2\/pages\/1612\/revisions\/1995"}],"wp:attachment":[{"href":"https:\/\/live-lesson.co.jp\/ja\/wp-json\/wp\/v2\/media?parent=1612"}],"curies":[{"name":"wp","href":"https:\/\/api.w.org\/{rel}","templated":true}]}}